{"id":101129,"date":"2026-03-03T15:48:20","date_gmt":"2026-03-03T14:48:20","guid":{"rendered":"https:\/\/modelkars.com\/?post_type=product&#038;p=101129"},"modified":"2026-03-03T20:08:26","modified_gmt":"2026-03-03T19:08:26","slug":"he182509die-ferrari-enzo-nero-ds-silver-wheels","status":"publish","type":"product","link":"https:\/\/modelkars.com\/fr\/shop\/bbr\/he182509die-ferrari-enzo-nero-ds-silver-wheels\/","title":{"rendered":"Ferrari Enzo"},"content":{"rendered":"","protected":false},"excerpt":{"rendered":"<p>Cette Ferrari Enzo \u00e0 l&rsquo;\u00e9chelle 1:18 en coloris Nero DS avec jantes argent est un mod\u00e8le en m\u00e9tal avec ouvrants est fabriqu\u00e9 par BBR, produit en s\u00e9rie limit\u00e9e avec socle et vitrine. Lanc\u00e9e en 2002 pour c\u00e9l\u00e9brer le titre mondial de Michael Schumacher en Formule 1, l&rsquo;Enzo est le premier mod\u00e8le de la marque \u00e9quip\u00e9 de freins carbone-c\u00e9ramique.<\/p>\n","protected":false},"featured_media":101185,"template":"","meta":{"_seopress_robots_primary_cat":"","_seopress_titles_title":"","_seopress_titles_desc":"","_seopress_robots_index":""},"product_brand":[],"product_cat":[315,163],"product_tag":[117,84,93,89,86,323],"class_list":{"0":"post-101129","1":"product","2":"type-product","3":"status-publish","4":"has-post-thumbnail","6":"product_cat-bbr","7":"product_cat-precommandes","8":"product_tag-avec-ouvrants","9":"product_tag-echelle-118","10":"product_tag-edition-limitee","11":"product_tag-metal","12":"product_tag-socle-inclus","13":"product_tag-vitrine-incluse","15":"first","16":"instock","17":"taxable","18":"shipping-taxable","19":"purchasable","20":"product-type-simple"},"_links":{"self":[{"href":"https:\/\/modelkars.com\/fr\/wp-json\/wp\/v2\/product\/101129","targetHints":{"allow":["GET"]}}],"collection":[{"href":"https:\/\/modelkars.com\/fr\/wp-json\/wp\/v2\/product"}],"about":[{"href":"https:\/\/modelkars.com\/fr\/wp-json\/wp\/v2\/types\/product"}],"wp:featuredmedia":[{"embeddable":true,"href":"https:\/\/modelkars.com\/fr\/wp-json\/wp\/v2\/media\/101185"}],"wp:attachment":[{"href":"https:\/\/modelkars.com\/fr\/wp-json\/wp\/v2\/media?parent=101129"}],"wp:term":[{"taxonomy":"product_brand","embeddable":true,"href":"https:\/\/modelkars.com\/fr\/wp-json\/wp\/v2\/product_brand?post=101129"},{"taxonomy":"product_cat","embeddable":true,"href":"https:\/\/modelkars.com\/fr\/wp-json\/wp\/v2\/product_cat?post=101129"},{"taxonomy":"product_tag","embeddable":true,"href":"https:\/\/modelkars.com\/fr\/wp-json\/wp\/v2\/product_tag?post=101129"}],"curies":[{"name":"wp","href":"https:\/\/api.w.org\/{rel}","templated":true}]}}