{"id":101128,"date":"2026-03-03T15:48:19","date_gmt":"2026-03-03T14:48:19","guid":{"rendered":"https:\/\/modelkars.com\/?post_type=product&#038;p=101128"},"modified":"2026-03-03T19:57:00","modified_gmt":"2026-03-03T18:57:00","slug":"p18102n-ferrari-458-speciale-a-spider-new-black-daytona-yellow-stripes","status":"publish","type":"product","link":"https:\/\/modelkars.com\/fr\/shop\/bbr\/p18102n-ferrari-458-speciale-a-spider-new-black-daytona-yellow-stripes\/","title":{"rendered":"Ferrari 458 Speciale A (Spider)"},"content":{"rendered":"","protected":false},"excerpt":{"rendered":"<p>Cette Ferrari 458 Speciale A (Spider) \u00e0 l&rsquo;\u00e9chelle 1:18 en coloris New Black Daytona avec bandes jaunes est un mod\u00e8le en r\u00e9sine fabriqu\u00e9 par BBR, limit\u00e9 \u00e0 48 exemplaires, livr\u00e9 avec socle. La 458 Speciale Aperta partage la m\u00e9canique et les performances de la Speciale coup\u00e9, avec son V8 atmosph\u00e9rique de 605 cv, tout en offrant la conduite en plein air.<\/p>\n","protected":false},"featured_media":101182,"template":"","meta":{"_seopress_robots_primary_cat":"","_seopress_titles_title":"","_seopress_titles_desc":"","_seopress_robots_index":""},"product_brand":[],"product_cat":[315,163],"product_tag":[84,93,92,85,86],"class_list":{"0":"post-101128","1":"product","2":"type-product","3":"status-publish","4":"has-post-thumbnail","6":"product_cat-bbr","7":"product_cat-precommandes","8":"product_tag-echelle-118","9":"product_tag-edition-limitee","10":"product_tag-resine","11":"product_tag-sans-ouvrants","12":"product_tag-socle-inclus","14":"first","15":"instock","16":"taxable","17":"shipping-taxable","18":"purchasable","19":"product-type-simple"},"_links":{"self":[{"href":"https:\/\/modelkars.com\/fr\/wp-json\/wp\/v2\/product\/101128","targetHints":{"allow":["GET"]}}],"collection":[{"href":"https:\/\/modelkars.com\/fr\/wp-json\/wp\/v2\/product"}],"about":[{"href":"https:\/\/modelkars.com\/fr\/wp-json\/wp\/v2\/types\/product"}],"wp:featuredmedia":[{"embeddable":true,"href":"https:\/\/modelkars.com\/fr\/wp-json\/wp\/v2\/media\/101182"}],"wp:attachment":[{"href":"https:\/\/modelkars.com\/fr\/wp-json\/wp\/v2\/media?parent=101128"}],"wp:term":[{"taxonomy":"product_brand","embeddable":true,"href":"https:\/\/modelkars.com\/fr\/wp-json\/wp\/v2\/product_brand?post=101128"},{"taxonomy":"product_cat","embeddable":true,"href":"https:\/\/modelkars.com\/fr\/wp-json\/wp\/v2\/product_cat?post=101128"},{"taxonomy":"product_tag","embeddable":true,"href":"https:\/\/modelkars.com\/fr\/wp-json\/wp\/v2\/product_tag?post=101128"}],"curies":[{"name":"wp","href":"https:\/\/api.w.org\/{rel}","templated":true}]}}