{"id":101127,"date":"2026-03-03T15:48:19","date_gmt":"2026-03-03T14:48:19","guid":{"rendered":"https:\/\/modelkars.com\/?post_type=product&#038;p=101127"},"modified":"2026-03-24T19:13:39","modified_gmt":"2026-03-24T18:13:39","slug":"p1868c1-ferrari-458-speciale-nero-ds-red-white-stripe","status":"publish","type":"product","link":"https:\/\/modelkars.com\/fr\/shop\/bbr\/p1868c1-ferrari-458-speciale-nero-ds-red-white-stripe\/","title":{"rendered":"Ferrari 458 Speciale"},"content":{"rendered":"","protected":false},"excerpt":{"rendered":"<p>Cette Ferrari 458 Speciale \u00e0 l&rsquo;\u00e9chelle 1:18 en coloris Nero DS avec bandes rouge et blanc est un mod\u00e8le en r\u00e9sine fabriqu\u00e9 par BBR, limit\u00e9 \u00e0 48 exemplaires, livr\u00e9 avec socle. All\u00e9g\u00e9e de 90 kg par rapport \u00e0 la 458 Italia gr\u00e2ce \u00e0 des vitres plus fines, un int\u00e9rieur d\u00e9pouill\u00e9 et des jantes forg\u00e9es 12 kg plus l\u00e9g\u00e8res, la Speciale est la seule voiture \u00e0 avoir remport\u00e9 l&rsquo;eCoty \u00e0 l&rsquo;unanimit\u00e9 dans l&rsquo;histoire du magazine Evo.<\/p>\n","protected":false},"featured_media":101179,"template":"","meta":{"_seopress_robots_primary_cat":"","_seopress_titles_title":"","_seopress_titles_desc":"","_seopress_robots_index":""},"product_brand":[],"product_cat":[315,163],"product_tag":[84,93,92,85,86],"class_list":{"0":"post-101127","1":"product","2":"type-product","3":"status-publish","4":"has-post-thumbnail","6":"product_cat-bbr","7":"product_cat-precommandes","8":"product_tag-echelle-118","9":"product_tag-edition-limitee","10":"product_tag-resine","11":"product_tag-sans-ouvrants","12":"product_tag-socle-inclus","14":"first","15":"instock","16":"taxable","17":"shipping-taxable","18":"purchasable","19":"product-type-simple"},"_links":{"self":[{"href":"https:\/\/modelkars.com\/fr\/wp-json\/wp\/v2\/product\/101127","targetHints":{"allow":["GET"]}}],"collection":[{"href":"https:\/\/modelkars.com\/fr\/wp-json\/wp\/v2\/product"}],"about":[{"href":"https:\/\/modelkars.com\/fr\/wp-json\/wp\/v2\/types\/product"}],"wp:featuredmedia":[{"embeddable":true,"href":"https:\/\/modelkars.com\/fr\/wp-json\/wp\/v2\/media\/101179"}],"wp:attachment":[{"href":"https:\/\/modelkars.com\/fr\/wp-json\/wp\/v2\/media?parent=101127"}],"wp:term":[{"taxonomy":"product_brand","embeddable":true,"href":"https:\/\/modelkars.com\/fr\/wp-json\/wp\/v2\/product_brand?post=101127"},{"taxonomy":"product_cat","embeddable":true,"href":"https:\/\/modelkars.com\/fr\/wp-json\/wp\/v2\/product_cat?post=101127"},{"taxonomy":"product_tag","embeddable":true,"href":"https:\/\/modelkars.com\/fr\/wp-json\/wp\/v2\/product_tag?post=101127"}],"curies":[{"name":"wp","href":"https:\/\/api.w.org\/{rel}","templated":true}]}}