{"id":101126,"date":"2026-03-03T15:48:19","date_gmt":"2026-03-03T14:48:19","guid":{"rendered":"https:\/\/modelkars.com\/?post_type=product&#038;p=101126"},"modified":"2026-03-03T19:38:51","modified_gmt":"2026-03-03T18:38:51","slug":"p1868c2-ferrari-458-speciale-nero-ds-italian-flag-stripe","status":"publish","type":"product","link":"https:\/\/modelkars.com\/fr\/shop\/bbr\/p1868c2-ferrari-458-speciale-nero-ds-italian-flag-stripe\/","title":{"rendered":"Ferrari 458 Speciale"},"content":{"rendered":"","protected":false},"excerpt":{"rendered":"<p>Cette Ferrari 458 Speciale \u00e0 l&rsquo;\u00e9chelle 1:18 en coloris Nero DS avec bande aux couleurs du drapeau italien est un mod\u00e8le en r\u00e9sine fabriqu\u00e9 par BBR, limit\u00e9 \u00e0 48 exemplaires, livr\u00e9 avec socle. La livr\u00e9e tricolore \u00e9voque les racines italiennes d&rsquo;une des sportives V8 les plus abouties jamais produites \u00e0 Maranello.<\/p>\n","protected":false},"featured_media":101176,"template":"","meta":{"_seopress_robots_primary_cat":"","_seopress_titles_title":"","_seopress_titles_desc":"","_seopress_robots_index":""},"product_brand":[],"product_cat":[315,163],"product_tag":[84,93,92,85,86],"class_list":{"0":"post-101126","1":"product","2":"type-product","3":"status-publish","4":"has-post-thumbnail","6":"product_cat-bbr","7":"product_cat-precommandes","8":"product_tag-echelle-118","9":"product_tag-edition-limitee","10":"product_tag-resine","11":"product_tag-sans-ouvrants","12":"product_tag-socle-inclus","14":"first","15":"outofstock","16":"taxable","17":"shipping-taxable","18":"purchasable","19":"product-type-simple"},"_links":{"self":[{"href":"https:\/\/modelkars.com\/fr\/wp-json\/wp\/v2\/product\/101126","targetHints":{"allow":["GET"]}}],"collection":[{"href":"https:\/\/modelkars.com\/fr\/wp-json\/wp\/v2\/product"}],"about":[{"href":"https:\/\/modelkars.com\/fr\/wp-json\/wp\/v2\/types\/product"}],"wp:featuredmedia":[{"embeddable":true,"href":"https:\/\/modelkars.com\/fr\/wp-json\/wp\/v2\/media\/101176"}],"wp:attachment":[{"href":"https:\/\/modelkars.com\/fr\/wp-json\/wp\/v2\/media?parent=101126"}],"wp:term":[{"taxonomy":"product_brand","embeddable":true,"href":"https:\/\/modelkars.com\/fr\/wp-json\/wp\/v2\/product_brand?post=101126"},{"taxonomy":"product_cat","embeddable":true,"href":"https:\/\/modelkars.com\/fr\/wp-json\/wp\/v2\/product_cat?post=101126"},{"taxonomy":"product_tag","embeddable":true,"href":"https:\/\/modelkars.com\/fr\/wp-json\/wp\/v2\/product_tag?post=101126"}],"curies":[{"name":"wp","href":"https:\/\/api.w.org\/{rel}","templated":true}]}}