{"id":101125,"date":"2026-03-03T15:48:19","date_gmt":"2026-03-03T14:48:19","guid":{"rendered":"https:\/\/modelkars.com\/?post_type=product&#038;p=101125"},"modified":"2026-03-03T19:33:08","modified_gmt":"2026-03-03T18:33:08","slug":"p1868e-ferrari-458-speciale-bianco-italia-matt-red-stripes","status":"publish","type":"product","link":"https:\/\/modelkars.com\/fr\/shop\/bbr\/p1868e-ferrari-458-speciale-bianco-italia-matt-red-stripes\/","title":{"rendered":"Ferrari 458 Speciale"},"content":{"rendered":"","protected":false},"excerpt":{"rendered":"<p>Cette Ferrari 458 Speciale \u00e0 l&rsquo;\u00e9chelle 1:18 en coloris Bianco Italia mat avec bandes rouges est un mod\u00e8le en r\u00e9sine fabriqu\u00e9 par BBR, limit\u00e9 \u00e0 48 exemplaires, livr\u00e9 avec socle. La 458 Speciale est la derni\u00e8re Ferrari de route \u00e9quip\u00e9e d&rsquo;un V8 atmosph\u00e9rique.<\/p>\n","protected":false},"featured_media":101171,"template":"","meta":{"_seopress_robots_primary_cat":"","_seopress_titles_title":"","_seopress_titles_desc":"","_seopress_robots_index":""},"product_brand":[],"product_cat":[315,163],"product_tag":[84,93,92,85,86],"class_list":{"0":"post-101125","1":"product","2":"type-product","3":"status-publish","4":"has-post-thumbnail","6":"product_cat-bbr","7":"product_cat-precommandes","8":"product_tag-echelle-118","9":"product_tag-edition-limitee","10":"product_tag-resine","11":"product_tag-sans-ouvrants","12":"product_tag-socle-inclus","14":"first","15":"instock","16":"taxable","17":"shipping-taxable","18":"purchasable","19":"product-type-simple"},"_links":{"self":[{"href":"https:\/\/modelkars.com\/fr\/wp-json\/wp\/v2\/product\/101125","targetHints":{"allow":["GET"]}}],"collection":[{"href":"https:\/\/modelkars.com\/fr\/wp-json\/wp\/v2\/product"}],"about":[{"href":"https:\/\/modelkars.com\/fr\/wp-json\/wp\/v2\/types\/product"}],"wp:featuredmedia":[{"embeddable":true,"href":"https:\/\/modelkars.com\/fr\/wp-json\/wp\/v2\/media\/101171"}],"wp:attachment":[{"href":"https:\/\/modelkars.com\/fr\/wp-json\/wp\/v2\/media?parent=101125"}],"wp:term":[{"taxonomy":"product_brand","embeddable":true,"href":"https:\/\/modelkars.com\/fr\/wp-json\/wp\/v2\/product_brand?post=101125"},{"taxonomy":"product_cat","embeddable":true,"href":"https:\/\/modelkars.com\/fr\/wp-json\/wp\/v2\/product_cat?post=101125"},{"taxonomy":"product_tag","embeddable":true,"href":"https:\/\/modelkars.com\/fr\/wp-json\/wp\/v2\/product_tag?post=101125"}],"curies":[{"name":"wp","href":"https:\/\/api.w.org\/{rel}","templated":true}]}}