{"id":101124,"date":"2026-03-03T15:48:19","date_gmt":"2026-03-03T14:48:19","guid":{"rendered":"https:\/\/modelkars.com\/?post_type=product&#038;p=101124"},"modified":"2026-03-03T19:26:12","modified_gmt":"2026-03-03T18:26:12","slug":"p18162c3-ferrari-488-pista-spider-rosso-corsa-yellow-stripes","status":"publish","type":"product","link":"https:\/\/modelkars.com\/fr\/shop\/bbr\/p18162c3-ferrari-488-pista-spider-rosso-corsa-yellow-stripes\/","title":{"rendered":"Ferrari 488 Pista Spider"},"content":{"rendered":"","protected":false},"excerpt":{"rendered":"<p>Cette Ferrari 488 Pista Spider \u00e0 l&rsquo;\u00e9chelle 1:18 en coloris Rosso Corsa avec bandes jaunes est un mod\u00e8le en r\u00e9sine fabriqu\u00e9 par BBR, limit\u00e9 \u00e0 48 exemplaires, livr\u00e9 avec socle. Avec ses 720 cv \u00e0 8 000 tr\/min et un couple de 770 Nm, la 488 Pista Spider affiche la meilleure puissance sp\u00e9cifique de sa cat\u00e9gorie \u00e0 185 cv\/litre, un record pour un moteur V8 biturbo de route.<\/p>\n","protected":false},"featured_media":101167,"template":"","meta":{"_seopress_robots_primary_cat":"","_seopress_titles_title":"","_seopress_titles_desc":"","_seopress_robots_index":""},"product_brand":[],"product_cat":[315,163],"product_tag":[84,93,92,85,86],"class_list":{"0":"post-101124","1":"product","2":"type-product","3":"status-publish","4":"has-post-thumbnail","6":"product_cat-bbr","7":"product_cat-precommandes","8":"product_tag-echelle-118","9":"product_tag-edition-limitee","10":"product_tag-resine","11":"product_tag-sans-ouvrants","12":"product_tag-socle-inclus","14":"first","15":"outofstock","16":"taxable","17":"shipping-taxable","18":"purchasable","19":"product-type-simple"},"_links":{"self":[{"href":"https:\/\/modelkars.com\/fr\/wp-json\/wp\/v2\/product\/101124","targetHints":{"allow":["GET"]}}],"collection":[{"href":"https:\/\/modelkars.com\/fr\/wp-json\/wp\/v2\/product"}],"about":[{"href":"https:\/\/modelkars.com\/fr\/wp-json\/wp\/v2\/types\/product"}],"wp:featuredmedia":[{"embeddable":true,"href":"https:\/\/modelkars.com\/fr\/wp-json\/wp\/v2\/media\/101167"}],"wp:attachment":[{"href":"https:\/\/modelkars.com\/fr\/wp-json\/wp\/v2\/media?parent=101124"}],"wp:term":[{"taxonomy":"product_brand","embeddable":true,"href":"https:\/\/modelkars.com\/fr\/wp-json\/wp\/v2\/product_brand?post=101124"},{"taxonomy":"product_cat","embeddable":true,"href":"https:\/\/modelkars.com\/fr\/wp-json\/wp\/v2\/product_cat?post=101124"},{"taxonomy":"product_tag","embeddable":true,"href":"https:\/\/modelkars.com\/fr\/wp-json\/wp\/v2\/product_tag?post=101124"}],"curies":[{"name":"wp","href":"https:\/\/api.w.org\/{rel}","templated":true}]}}