{"id":101119,"date":"2026-03-03T15:48:18","date_gmt":"2026-03-03T14:48:18","guid":{"rendered":"https:\/\/modelkars.com\/?post_type=product&#038;p=101119"},"modified":"2026-03-03T19:05:00","modified_gmt":"2026-03-03T18:05:00","slug":"p18162m-ferrari-488-pista-spider-giallo-modena","status":"publish","type":"product","link":"https:\/\/modelkars.com\/fr\/shop\/bbr\/p18162m-ferrari-488-pista-spider-giallo-modena\/","title":{"rendered":"Ferrari 488 Pista Spider"},"content":{"rendered":"","protected":false},"excerpt":{"rendered":"<p>Cette Ferrari 488 Pista Spider \u00e0 l&rsquo;\u00e9chelle 1:18 en coloris Giallo Modena est un mod\u00e8le en r\u00e9sine fabriqu\u00e9 par BBR, limit\u00e9 \u00e0 48 exemplaires, livr\u00e9 avec socle. La 488 Pista Spider est le 50\u00e8me mod\u00e8le cabriolet jamais produit par Ferrari.<\/p>\n","protected":false},"featured_media":101151,"template":"","meta":{"_seopress_robots_primary_cat":"","_seopress_titles_title":"","_seopress_titles_desc":"","_seopress_robots_index":""},"product_brand":[],"product_cat":[315,163],"product_tag":[84,93,92,85,86],"class_list":{"0":"post-101119","1":"product","2":"type-product","3":"status-publish","4":"has-post-thumbnail","6":"product_cat-bbr","7":"product_cat-precommandes","8":"product_tag-echelle-118","9":"product_tag-edition-limitee","10":"product_tag-resine","11":"product_tag-sans-ouvrants","12":"product_tag-socle-inclus","14":"first","15":"instock","16":"taxable","17":"shipping-taxable","18":"purchasable","19":"product-type-simple"},"_links":{"self":[{"href":"https:\/\/modelkars.com\/fr\/wp-json\/wp\/v2\/product\/101119","targetHints":{"allow":["GET"]}}],"collection":[{"href":"https:\/\/modelkars.com\/fr\/wp-json\/wp\/v2\/product"}],"about":[{"href":"https:\/\/modelkars.com\/fr\/wp-json\/wp\/v2\/types\/product"}],"wp:featuredmedia":[{"embeddable":true,"href":"https:\/\/modelkars.com\/fr\/wp-json\/wp\/v2\/media\/101151"}],"wp:attachment":[{"href":"https:\/\/modelkars.com\/fr\/wp-json\/wp\/v2\/media?parent=101119"}],"wp:term":[{"taxonomy":"product_brand","embeddable":true,"href":"https:\/\/modelkars.com\/fr\/wp-json\/wp\/v2\/product_brand?post=101119"},{"taxonomy":"product_cat","embeddable":true,"href":"https:\/\/modelkars.com\/fr\/wp-json\/wp\/v2\/product_cat?post=101119"},{"taxonomy":"product_tag","embeddable":true,"href":"https:\/\/modelkars.com\/fr\/wp-json\/wp\/v2\/product_tag?post=101119"}],"curies":[{"name":"wp","href":"https:\/\/api.w.org\/{rel}","templated":true}]}}