{"id":100882,"date":"2026-02-26T16:42:19","date_gmt":"2026-02-26T15:42:19","guid":{"rendered":"https:\/\/modelkars.com\/?post_type=product&#038;p=100882"},"modified":"2026-03-21T00:55:51","modified_gmt":"2026-03-20T23:55:51","slug":"he182501die-ferrari-enzo-rosso-corsa-silver-wheels","status":"publish","type":"product","link":"https:\/\/modelkars.com\/fr\/shop\/bbr\/he182501die-ferrari-enzo-rosso-corsa-silver-wheels\/","title":{"rendered":"Ferrari Enzo"},"content":{"rendered":"","protected":false},"excerpt":{"rendered":"<p>Cette Ferrari Enzo \u00e0 l&rsquo;\u00e9chelle 1:18 reproduit la supercar italienne dans son coloris embl\u00e9matique Rosso Corsa, chauss\u00e9e de jantes argent. Fabriqu\u00e9e en m\u00e9tal par BBR, elle b\u00e9n\u00e9ficie d&rsquo;une suspension fonctionnelle, d&rsquo;un aileron arri\u00e8re mobile et de nombreux ouvrants, le tout pr\u00e9sent\u00e9 sous vitrine avec socle.<\/p>\n","protected":false},"featured_media":100884,"template":"","meta":{"_seopress_robots_primary_cat":"","_seopress_titles_title":"","_seopress_titles_desc":"","_seopress_robots_index":""},"product_brand":[],"product_cat":[315,163],"product_tag":[117,84,93,89,86,323],"class_list":{"0":"post-100882","1":"product","2":"type-product","3":"status-publish","4":"has-post-thumbnail","6":"product_cat-bbr","7":"product_cat-precommandes","8":"product_tag-avec-ouvrants","9":"product_tag-echelle-118","10":"product_tag-edition-limitee","11":"product_tag-metal","12":"product_tag-socle-inclus","13":"product_tag-vitrine-incluse","15":"first","16":"instock","17":"taxable","18":"shipping-taxable","19":"purchasable","20":"product-type-simple"},"_links":{"self":[{"href":"https:\/\/modelkars.com\/fr\/wp-json\/wp\/v2\/product\/100882","targetHints":{"allow":["GET"]}}],"collection":[{"href":"https:\/\/modelkars.com\/fr\/wp-json\/wp\/v2\/product"}],"about":[{"href":"https:\/\/modelkars.com\/fr\/wp-json\/wp\/v2\/types\/product"}],"wp:featuredmedia":[{"embeddable":true,"href":"https:\/\/modelkars.com\/fr\/wp-json\/wp\/v2\/media\/100884"}],"wp:attachment":[{"href":"https:\/\/modelkars.com\/fr\/wp-json\/wp\/v2\/media?parent=100882"}],"wp:term":[{"taxonomy":"product_brand","embeddable":true,"href":"https:\/\/modelkars.com\/fr\/wp-json\/wp\/v2\/product_brand?post=100882"},{"taxonomy":"product_cat","embeddable":true,"href":"https:\/\/modelkars.com\/fr\/wp-json\/wp\/v2\/product_cat?post=100882"},{"taxonomy":"product_tag","embeddable":true,"href":"https:\/\/modelkars.com\/fr\/wp-json\/wp\/v2\/product_tag?post=100882"}],"curies":[{"name":"wp","href":"https:\/\/api.w.org\/{rel}","templated":true}]}}