{"id":100880,"date":"2026-02-26T16:42:19","date_gmt":"2026-02-26T15:42:19","guid":{"rendered":"https:\/\/modelkars.com\/?post_type=product&#038;p=100880"},"modified":"2026-02-26T18:17:34","modified_gmt":"2026-02-26T17:17:34","slug":"p18102e-ferrari-458-speciale-a-spider-verde-germoglio","status":"publish","type":"product","link":"https:\/\/modelkars.com\/fr\/shop\/bbr\/p18102e-ferrari-458-speciale-a-spider-verde-germoglio\/","title":{"rendered":"Ferrari 458 Speciale A (Spider)"},"content":{"rendered":"","protected":false},"excerpt":{"rendered":"<p>Cette Ferrari 458 Speciale A (Spider) \u00e0 l&rsquo;\u00e9chelle 1:18 est r\u00e9alis\u00e9e en r\u00e9sine par BBR, dans un coloris Verde Germoglio. Limit\u00e9e \u00e0 48 exemplaires et pr\u00e9sent\u00e9e sur socle, elle repr\u00e9sente la version d\u00e9couvrable de la Speciale, dot\u00e9e d&rsquo;un toit rigide amovible.<\/p>\n","protected":false},"featured_media":100998,"template":"","meta":{"_seopress_robots_primary_cat":"","_seopress_titles_title":"","_seopress_titles_desc":"","_seopress_robots_index":""},"product_brand":[],"product_cat":[315,163],"product_tag":[84,93,92,85,86],"class_list":{"0":"post-100880","1":"product","2":"type-product","3":"status-publish","4":"has-post-thumbnail","6":"product_cat-bbr","7":"product_cat-precommandes","8":"product_tag-echelle-118","9":"product_tag-edition-limitee","10":"product_tag-resine","11":"product_tag-sans-ouvrants","12":"product_tag-socle-inclus","14":"first","15":"instock","16":"taxable","17":"shipping-taxable","18":"purchasable","19":"product-type-simple"},"_links":{"self":[{"href":"https:\/\/modelkars.com\/fr\/wp-json\/wp\/v2\/product\/100880","targetHints":{"allow":["GET"]}}],"collection":[{"href":"https:\/\/modelkars.com\/fr\/wp-json\/wp\/v2\/product"}],"about":[{"href":"https:\/\/modelkars.com\/fr\/wp-json\/wp\/v2\/types\/product"}],"wp:featuredmedia":[{"embeddable":true,"href":"https:\/\/modelkars.com\/fr\/wp-json\/wp\/v2\/media\/100998"}],"wp:attachment":[{"href":"https:\/\/modelkars.com\/fr\/wp-json\/wp\/v2\/media?parent=100880"}],"wp:term":[{"taxonomy":"product_brand","embeddable":true,"href":"https:\/\/modelkars.com\/fr\/wp-json\/wp\/v2\/product_brand?post=100880"},{"taxonomy":"product_cat","embeddable":true,"href":"https:\/\/modelkars.com\/fr\/wp-json\/wp\/v2\/product_cat?post=100880"},{"taxonomy":"product_tag","embeddable":true,"href":"https:\/\/modelkars.com\/fr\/wp-json\/wp\/v2\/product_tag?post=100880"}],"curies":[{"name":"wp","href":"https:\/\/api.w.org\/{rel}","templated":true}]}}