{"id":100877,"date":"2026-02-26T16:42:18","date_gmt":"2026-02-26T15:42:18","guid":{"rendered":"https:\/\/modelkars.com\/?post_type=product&#038;p=100877"},"modified":"2026-02-26T18:03:21","modified_gmt":"2026-02-26T17:03:21","slug":"p18253q-ferrari-f80-rosso-taormina","status":"publish","type":"product","link":"https:\/\/modelkars.com\/fr\/shop\/bbr\/p18253q-ferrari-f80-rosso-taormina\/","title":{"rendered":"Ferrari F80"},"content":{"rendered":"","protected":false},"excerpt":{"rendered":"<p>Cette Ferrari F80 \u00e0 l&rsquo;\u00e9chelle 1:18 est r\u00e9alis\u00e9e en r\u00e9sine par BBR, dans un coloris Rosso Taormina. Limit\u00e9e \u00e0 80 exemplaires et pr\u00e9sent\u00e9e sur socle, elle rev\u00eat l&rsquo;une des teintes rouges les plus chaleureuses de la palette Ferrari contemporaine. Produite \u00e0 seulement 799 exemplaires, tous r\u00e9serv\u00e9s avant m\u00eame sa pr\u00e9sentation officielle en octobre 2024, la F80 est nomm\u00e9e ainsi pour c\u00e9l\u00e9brer les 80 ans de la Scuderia.<\/p>\n","protected":false},"featured_media":100981,"template":"","meta":{"_seopress_robots_primary_cat":"","_seopress_titles_title":"","_seopress_titles_desc":"","_seopress_robots_index":""},"product_brand":[],"product_cat":[315,163],"product_tag":[84,93,92,85,86],"class_list":{"0":"post-100877","1":"product","2":"type-product","3":"status-publish","4":"has-post-thumbnail","6":"product_cat-bbr","7":"product_cat-precommandes","8":"product_tag-echelle-118","9":"product_tag-edition-limitee","10":"product_tag-resine","11":"product_tag-sans-ouvrants","12":"product_tag-socle-inclus","14":"first","15":"instock","16":"taxable","17":"shipping-taxable","18":"purchasable","19":"product-type-simple"},"_links":{"self":[{"href":"https:\/\/modelkars.com\/fr\/wp-json\/wp\/v2\/product\/100877","targetHints":{"allow":["GET"]}}],"collection":[{"href":"https:\/\/modelkars.com\/fr\/wp-json\/wp\/v2\/product"}],"about":[{"href":"https:\/\/modelkars.com\/fr\/wp-json\/wp\/v2\/types\/product"}],"wp:featuredmedia":[{"embeddable":true,"href":"https:\/\/modelkars.com\/fr\/wp-json\/wp\/v2\/media\/100981"}],"wp:attachment":[{"href":"https:\/\/modelkars.com\/fr\/wp-json\/wp\/v2\/media?parent=100877"}],"wp:term":[{"taxonomy":"product_brand","embeddable":true,"href":"https:\/\/modelkars.com\/fr\/wp-json\/wp\/v2\/product_brand?post=100877"},{"taxonomy":"product_cat","embeddable":true,"href":"https:\/\/modelkars.com\/fr\/wp-json\/wp\/v2\/product_cat?post=100877"},{"taxonomy":"product_tag","embeddable":true,"href":"https:\/\/modelkars.com\/fr\/wp-json\/wp\/v2\/product_tag?post=100877"}],"curies":[{"name":"wp","href":"https:\/\/api.w.org\/{rel}","templated":true}]}}