{"id":100873,"date":"2026-02-26T16:42:18","date_gmt":"2026-02-26T15:42:18","guid":{"rendered":"https:\/\/modelkars.com\/?post_type=product&#038;p=100873"},"modified":"2026-02-26T17:53:00","modified_gmt":"2026-02-26T16:53:00","slug":"p18190a1-ferrari-f50-spider-rouge-interieur-noir","status":"publish","type":"product","link":"https:\/\/modelkars.com\/fr\/shop\/bbr\/p18190a1-ferrari-f50-spider-rouge-interieur-noir\/","title":{"rendered":"Ferrari F50 Spider"},"content":{"rendered":"","protected":false},"excerpt":{"rendered":"<p>Cette Ferrari F50 Spider \u00e0 l&rsquo;\u00e9chelle 1:18 est r\u00e9alis\u00e9e en r\u00e9sine par BBR, dans un coloris rouge avec int\u00e9rieur noir. Limit\u00e9e \u00e0 150 exemplaires et pr\u00e9sent\u00e9e sur socle, elle rend hommage \u00e0 l&rsquo;une des Ferrari les plus techniquement ambitieuses de son \u00e9poque. La F50, lanc\u00e9e pour les 50 ans de la marque, embarquait un V12 atmosph\u00e9rique de 4,7 litres mont\u00e9 rigidement sur la structure comme en Formule 1.<\/p>\n","protected":false},"featured_media":100969,"template":"","meta":{"_seopress_robots_primary_cat":"","_seopress_titles_title":"","_seopress_titles_desc":"","_seopress_robots_index":""},"product_brand":[],"product_cat":[315,163],"product_tag":[84,93,92,85,86],"class_list":{"0":"post-100873","1":"product","2":"type-product","3":"status-publish","4":"has-post-thumbnail","6":"product_cat-bbr","7":"product_cat-precommandes","8":"product_tag-echelle-118","9":"product_tag-edition-limitee","10":"product_tag-resine","11":"product_tag-sans-ouvrants","12":"product_tag-socle-inclus","14":"first","15":"instock","16":"taxable","17":"shipping-taxable","18":"purchasable","19":"product-type-simple"},"_links":{"self":[{"href":"https:\/\/modelkars.com\/fr\/wp-json\/wp\/v2\/product\/100873","targetHints":{"allow":["GET"]}}],"collection":[{"href":"https:\/\/modelkars.com\/fr\/wp-json\/wp\/v2\/product"}],"about":[{"href":"https:\/\/modelkars.com\/fr\/wp-json\/wp\/v2\/types\/product"}],"wp:featuredmedia":[{"embeddable":true,"href":"https:\/\/modelkars.com\/fr\/wp-json\/wp\/v2\/media\/100969"}],"wp:attachment":[{"href":"https:\/\/modelkars.com\/fr\/wp-json\/wp\/v2\/media?parent=100873"}],"wp:term":[{"taxonomy":"product_brand","embeddable":true,"href":"https:\/\/modelkars.com\/fr\/wp-json\/wp\/v2\/product_brand?post=100873"},{"taxonomy":"product_cat","embeddable":true,"href":"https:\/\/modelkars.com\/fr\/wp-json\/wp\/v2\/product_cat?post=100873"},{"taxonomy":"product_tag","embeddable":true,"href":"https:\/\/modelkars.com\/fr\/wp-json\/wp\/v2\/product_tag?post=100873"}],"curies":[{"name":"wp","href":"https:\/\/api.w.org\/{rel}","templated":true}]}}