{"id":100867,"date":"2026-02-26T16:42:17","date_gmt":"2026-02-26T15:42:17","guid":{"rendered":"https:\/\/modelkars.com\/?post_type=product&#038;p=100867"},"modified":"2026-04-06T08:38:51","modified_gmt":"2026-04-06T06:38:51","slug":"ts0711-aston-martin-valhalla-lunar-white","status":"publish","type":"product","link":"https:\/\/modelkars.com\/fr\/shop\/precommandes\/ts0711-aston-martin-valhalla-lunar-white\/","title":{"rendered":"Aston Martin Valhalla"},"content":{"rendered":"","protected":false},"excerpt":{"rendered":"<p>Cette Aston Martin Valhalla \u00e0 l&rsquo;\u00e9chelle 1:18 est pr\u00e9sent\u00e9e en Lunar White par TopSpeed, en r\u00e9sine, sur socle. Premi\u00e8re supercar \u00e0 moteur central de s\u00e9rie sign\u00e9e Aston Martin et premier mod\u00e8le hybride rechargeable de la marque, la Valhalla d\u00e9veloppe 1079 ch gr\u00e2ce \u00e0 un V8 biturbo de 4,0 litres associ\u00e9 \u00e0 trois moteurs \u00e9lectriques.<\/p>\n","protected":false},"featured_media":100921,"template":"","meta":{"_seopress_robots_primary_cat":"","_seopress_titles_title":"","_seopress_titles_desc":"","_seopress_robots_index":""},"product_brand":[],"product_cat":[163,74],"product_tag":[84,92,85,86],"class_list":{"0":"post-100867","1":"product","2":"type-product","3":"status-publish","4":"has-post-thumbnail","6":"product_cat-precommandes","7":"product_cat-topspeed","8":"product_tag-echelle-118","9":"product_tag-resine","10":"product_tag-sans-ouvrants","11":"product_tag-socle-inclus","13":"first","14":"outofstock","15":"taxable","16":"shipping-taxable","17":"purchasable","18":"product-type-simple"},"_links":{"self":[{"href":"https:\/\/modelkars.com\/fr\/wp-json\/wp\/v2\/product\/100867","targetHints":{"allow":["GET"]}}],"collection":[{"href":"https:\/\/modelkars.com\/fr\/wp-json\/wp\/v2\/product"}],"about":[{"href":"https:\/\/modelkars.com\/fr\/wp-json\/wp\/v2\/types\/product"}],"wp:featuredmedia":[{"embeddable":true,"href":"https:\/\/modelkars.com\/fr\/wp-json\/wp\/v2\/media\/100921"}],"wp:attachment":[{"href":"https:\/\/modelkars.com\/fr\/wp-json\/wp\/v2\/media?parent=100867"}],"wp:term":[{"taxonomy":"product_brand","embeddable":true,"href":"https:\/\/modelkars.com\/fr\/wp-json\/wp\/v2\/product_brand?post=100867"},{"taxonomy":"product_cat","embeddable":true,"href":"https:\/\/modelkars.com\/fr\/wp-json\/wp\/v2\/product_cat?post=100867"},{"taxonomy":"product_tag","embeddable":true,"href":"https:\/\/modelkars.com\/fr\/wp-json\/wp\/v2\/product_tag?post=100867"}],"curies":[{"name":"wp","href":"https:\/\/api.w.org\/{rel}","templated":true}]}}