{"id":95,"date":"2013-08-11T19:22:53","date_gmt":"2013-08-11T17:22:53","guid":{"rendered":"http:\/\/localhost:8888\/test\/?page_id=532"},"modified":"2025-11-05T23:17:24","modified_gmt":"2025-11-05T22:17:24","slug":"contact","status":"publish","type":"page","link":"https:\/\/modelkars.com\/fr\/contact\/","title":{"rendered":"Contact"},"content":{"rendered":"  <div id=\"page-header-514053716\" class=\"page-header-wrapper\">\n  <div class=\"page-title dark simple-title has-parallax\">\n\n        <div class=\"page-title-bg\">\n      <div class=\"title-bg fill bg-fill\"\n        data-parallax-container=\".page-title\"\n        data-parallax-background\n        data-parallax=\"-5\">\n      <\/div>\n      <div class=\"title-overlay fill\"><\/div>\n    <\/div>\n    \n    <div class=\"page-title-inner container align-center text-center flex-row-col medium-flex-wrap\" >\n              <div class=\"title-wrapper uppercase is-larger flex-col\">\n          <h1 class=\"entry-title mb-0\">\n            Contact          <\/h1>\n        <\/div>\n                    <div class=\"title-content flex-col\">\n              <\/div>\n    <\/div>\n\n     \n<style>\n#page-header-514053716 .page-title-inner {\n  min-height: 30vh;\n}\n#page-header-514053716 .title-bg {\n  background-image: url(https:\/\/modelkars.com\/wp-content\/uploads\/2018\/04\/kj003wheel.jpg);\n  background-position: 61% 46%;\n}\n#page-header-514053716 .title-overlay {\n  background-color: rgba(0,0,0,.5);\n}\n<\/style>\n  <\/div>\n    <\/div>\n  \n\t<div id=\"gap-1119229235\" class=\"gap-element clearfix\" style=\"display:block; height:auto;\">\n\t\t\n<style>\n#gap-1119229235 {\n  padding-top: 30px;\n}\n<\/style>\n\t<\/div>\n\t\n<div class=\"row\"  id=\"row-1966905999\">\n\n\n\t<div id=\"col-435673007\" class=\"col medium-6 small-12 large-6\"  >\n\t\t\t\t<div class=\"col-inner\"  >\n\t\t\t\n\t\t\t\n<div class=\"container section-title-container\" ><h3 class=\"section-title section-title-normal\"><b aria-hidden=\"true\"><\/b><span class=\"section-title-main\" ><i class=\"icon-chat\" aria-hidden=\"true\"><\/i>Chat live<\/span><b aria-hidden=\"true\"><\/b><\/h3><\/div>\n\t<div id=\"text-2055957648\" class=\"text\">\n\t\t\n<p>Le chat live est int\u00e9gr\u00e9e sur toutes les pages du site (en bas \u00e0 droite de votre \u00e9cran). C&rsquo;est le moyen de plus rapide de contacter Modelkars. Si le support n&rsquo;est pas disponible, vous serez recontact\u00e9 par e-mail.<\/p>\n\t\t\n<style>\n#text-2055957648 {\n  line-height: 1.85;\n}\n<\/style>\n\t<\/div>\n\t\n<div class=\"container section-title-container\" style=\"margin-top:20px;\"><h3 class=\"section-title section-title-normal\"><b aria-hidden=\"true\"><\/b><span class=\"section-title-main\" ><i class=\"icon-phone\" aria-hidden=\"true\"><\/i>T\u00e9l\u00e9phone<\/span><b aria-hidden=\"true\"><\/b><\/h3><\/div>\n<p style=\"text-align: center;\"><span style=\"font-size: 150%;\"><strong>0 656 665 655<\/strong><\/span><\/p>\n<p><strong>ASTUCE :<\/strong> vous pouvez \u00e9galement envoyer un SMS au m\u00eame num\u00e9ro \ud83d\ude09<\/p>\n<p><em>Co\u00fbt d&rsquo;un appel\/SMS vers un mobile en France.<\/em><\/p>\n\t\t<\/div>\n\t\t\t\t\t<\/div>\n\n\t\n\n\t<div id=\"col-1759026244\" class=\"col medium-6 small-12 large-6\"  >\n\t\t\t\t<div class=\"col-inner\"  >\n\t\t\t\n\t\t\t\n<div class=\"container section-title-container\" ><h3 class=\"section-title section-title-normal\"><b aria-hidden=\"true\"><\/b><span class=\"section-title-main\" ><i class=\"icon-envelop\" aria-hidden=\"true\"><\/i>Autres options de contact<\/span><b aria-hidden=\"true\"><\/b><\/h3><\/div>\n<p style=\"text-align: center;\"><span style=\"font-size: 100%; color: #0084ff;\"><a class=\"is-outline large button white\" style=\"color: #0084ff;\" href=\"http:\/\/m.me\/modelkars\" target=\"_blank\" rel=\"noopener noreferrer\">Modelkars sur Messenger<\/a><\/span><\/p>\n<p style=\"text-align: center;\"><span style=\"font-size: 100%; color: #de317f;\"><a class=\"is-outline large button white\" style=\"color: #853ab2;\" href=\"https:\/\/ig.me\/m\/modelkars\" target=\"_blank\" rel=\"noopener noreferrer\">Modelkars sur Instagram<\/a><\/span><\/p>\n<p style=\"text-align: center;\"><span style=\"font-size: 100%; color: #199082;\"><a class=\"is-outline large button white\" style=\"color: #199082;\" href=\"https:\/\/wa.me\/+33656665655\" target=\"_blank\" rel=\"noopener noreferrer\">Modelkars sur WhatsApp<\/a><\/span><\/p>\n<p style=\"text-align: center;\"><span style=\"font-size: 100%; color: #333;\"><a class=\"is-outline large button white\" style=\"color: #333;\" href=\"https:\/\/twitter.com\/modelkars\" target=\"_blank\" rel=\"noopener noreferrer\">Modelkars sur X (Twitter)<\/a><\/span><\/p>\n\t<div id=\"gap-20397021\" class=\"gap-element clearfix\" style=\"display:block; height:auto;\">\n\t\t\n<style>\n#gap-20397021 {\n  padding-top: 30px;\n}\n<\/style>\n\t<\/div>\n\t\n\t\t<\/div>\n\t\t\t\t\t<\/div>\n\n\t\n<\/div>\n","protected":false},"excerpt":{"rendered":"","protected":false},"author":1,"featured_media":885,"parent":0,"menu_order":0,"comment_status":"closed","ping_status":"closed","template":"page-transparent-header.php","meta":{"_seopress_robots_primary_cat":"","_seopress_titles_title":"","_seopress_titles_desc":"Notre support client est rapide et sympa! N&#039;h\u00e9sitez pas \u00e0 nous \u00e9crire pour quelque raison que ce soit, par le moyen qui vous convient : e-mail, Facebook...","_seopress_robots_index":"","footnotes":""},"class_list":["post-95","page","type-page","status-publish","has-post-thumbnail","hentry"],"_links":{"self":[{"href":"https:\/\/modelkars.com\/fr\/wp-json\/wp\/v2\/pages\/95","targetHints":{"allow":["GET"]}}],"collection":[{"href":"https:\/\/modelkars.com\/fr\/wp-json\/wp\/v2\/pages"}],"about":[{"href":"https:\/\/modelkars.com\/fr\/wp-json\/wp\/v2\/types\/page"}],"author":[{"embeddable":true,"href":"https:\/\/modelkars.com\/fr\/wp-json\/wp\/v2\/users\/1"}],"replies":[{"embeddable":true,"href":"https:\/\/modelkars.com\/fr\/wp-json\/wp\/v2\/comments?post=95"}],"version-history":[{"count":0,"href":"https:\/\/modelkars.com\/fr\/wp-json\/wp\/v2\/pages\/95\/revisions"}],"wp:featuredmedia":[{"embeddable":true,"href":"https:\/\/modelkars.com\/fr\/wp-json\/wp\/v2\/media\/885"}],"wp:attachment":[{"href":"https:\/\/modelkars.com\/fr\/wp-json\/wp\/v2\/media?parent=95"}],"curies":[{"name":"wp","href":"https:\/\/api.w.org\/{rel}","templated":true}]}}