{"id":74416,"date":"2025-09-19T20:01:14","date_gmt":"2025-09-19T18:01:14","guid":{"rendered":"https:\/\/modelkars.com\/?page_id=74416"},"modified":"2025-09-19T21:01:03","modified_gmt":"2025-09-19T19:01:03","slug":"recent-updates","status":"publish","type":"page","link":"https:\/\/modelkars.com\/fr\/recent-updates\/","title":{"rendered":"Photos r\u00e9cemment ajout\u00e9es"},"content":{"rendered":"  <div id=\"page-header-1941713808\" class=\"page-header-wrapper\">\n  <div class=\"page-title light divided-title\">\n\n    \n    <div class=\"page-title-inner container align-center flex-row medium-flex-wrap\" >\n              <div class=\"title-wrapper flex-col text-left medium-text-center\">\n          <h1 class=\"entry-title mb-0\">\n            Photos r\u00e9cemment ajout\u00e9es          <\/h1>\n        <\/div>\n                    <div class=\"title-content flex-col flex-right text-right medium-text-center\">\n              <\/div>\n    <\/div>\n\n       <\/div>\n  <div class=\"container header-wrapper-divider\"><hr\/><\/div>  <\/div>\n  \n<p>D\u00e9couvrez tous les mod\u00e8les dont les photos ont \u00e9t\u00e9 ajout\u00e9es r\u00e9cemment. Id\u00e9al pour suivre vos pr\u00e9commandes et voir les d\u00e9tails avant tout le monde !<\/p>\n<div class=\"rgp-grid\" style=\"display:grid; grid-template-columns:repeat(auto-fit, minmax(250px,1fr)); gap:20px;\"><a href=\"https:\/\/modelkars.com\/fr\/shop\/ottomobile\/ot1252-mercedes-benz-190e-2-5-16-rauh-welt-republik-rwr-porsche-racing-green\/\" style=\"text-decoration:none; color:inherit;\"><div class=\"rgp-product\" style=\"border:1px solid #ddd; padding:10px;\"><h3 style=\"font-size:1rem; margin-bottom:5px;\">Mercedes-Benz 190E 2.5-16 RAUH-Welt Republik RWR<\/h3><p style=\"font-size:0.85rem; color:#555;\">OttOmobile<\/p><div class=\"rgp-first-image\" style=\"margin-bottom:5px;\"><img decoding=\"async\" width=\"680\" height=\"453\" src=\"https:\/\/modelkars.com\/wp-content\/uploads\/ot1252-OttOmobile-1-1-680x453.webp\" class=\"attachment-medium size-medium\" alt=\"\" srcset=\"https:\/\/modelkars.com\/wp-content\/uploads\/ot1252-OttOmobile-1-1-680x453.webp 680w, https:\/\/modelkars.com\/wp-content\/uploads\/ot1252-OttOmobile-1-1-64x43.webp 64w, https:\/\/modelkars.com\/wp-content\/uploads\/ot1252-OttOmobile-1-1.webp 1200w\" sizes=\"(max-width: 680px) 100vw, 680px\" \/><\/div><div class=\"rgp-other-images\" style=\"\n                    display:grid;\n                    grid-template-columns:repeat(2, 1fr);\n                    grid-template-rows:repeat(2, auto);\n                    gap:5px;\n                    margin-top:5px;\n                \"><img decoding=\"async\" width=\"100\" height=\"60\" src=\"https:\/\/modelkars.com\/wp-content\/uploads\/ot1252-OttOmobile-1-2-100x60.webp\" class=\"attachment-rgp_small size-rgp_small\" alt=\"\" style=\"width:100%; height:auto;\" \/><img decoding=\"async\" width=\"100\" height=\"60\" src=\"https:\/\/modelkars.com\/wp-content\/uploads\/ot1252-OttOmobile-1-3-100x60.webp\" class=\"attachment-rgp_small size-rgp_small\" alt=\"\" style=\"width:100%; height:auto;\" \/><img decoding=\"async\" width=\"100\" height=\"60\" src=\"https:\/\/modelkars.com\/wp-content\/uploads\/ot1252-OttOmobile-1-4-100x60.webp\" class=\"attachment-rgp_small size-rgp_small\" alt=\"\" style=\"width:100%; height:auto;\" \/><img decoding=\"async\" width=\"100\" height=\"60\" src=\"https:\/\/modelkars.com\/wp-content\/uploads\/ot1252-OttOmobile-1-5-100x60.webp\" class=\"attachment-rgp_small size-rgp_small\" alt=\"\" style=\"width:100%; height:auto;\" \/><\/div><\/div><\/a><a href=\"https:\/\/modelkars.com\/fr\/shop\/gt-spirit\/gt1002-koenigsegg-jesko-blue\/\" style=\"text-decoration:none; color:inherit;\"><div class=\"rgp-product\" style=\"border:1px solid #ddd; padding:10px;\"><h3 style=\"font-size:1rem; margin-bottom:5px;\">Koenigsegg Jesko<\/h3><p style=\"font-size:0.85rem; color:#555;\">GT Spirit<\/p><div class=\"rgp-first-image\" style=\"margin-bottom:5px;\"><img decoding=\"async\" width=\"680\" height=\"453\" src=\"https:\/\/modelkars.com\/wp-content\/uploads\/gt1002-koenigsegg-jesko-blue-blahaj-2025-GT-Spirit-1-680x453.webp\" class=\"attachment-medium size-medium\" alt=\"\" srcset=\"https:\/\/modelkars.com\/wp-content\/uploads\/gt1002-koenigsegg-jesko-blue-blahaj-2025-GT-Spirit-1-680x453.webp 680w, https:\/\/modelkars.com\/wp-content\/uploads\/gt1002-koenigsegg-jesko-blue-blahaj-2025-GT-Spirit-1-64x43.webp 64w, https:\/\/modelkars.com\/wp-content\/uploads\/gt1002-koenigsegg-jesko-blue-blahaj-2025-GT-Spirit-1.webp 1200w\" sizes=\"(max-width: 680px) 100vw, 680px\" \/><\/div><div class=\"rgp-other-images\" style=\"\n                    display:grid;\n                    grid-template-columns:repeat(2, 1fr);\n                    grid-template-rows:repeat(2, auto);\n                    gap:5px;\n                    margin-top:5px;\n                \"><img decoding=\"async\" width=\"100\" height=\"60\" src=\"https:\/\/modelkars.com\/wp-content\/uploads\/gt1002-koenigsegg-jesko-blue-blahaj-2025-GT-Spirit-2-100x60.webp\" class=\"attachment-rgp_small size-rgp_small\" alt=\"\" style=\"width:100%; height:auto;\" \/><img decoding=\"async\" width=\"100\" height=\"60\" src=\"https:\/\/modelkars.com\/wp-content\/uploads\/gt1002-koenigsegg-jesko-blue-blahaj-2025-GT-Spirit-3-100x60.webp\" class=\"attachment-rgp_small size-rgp_small\" alt=\"\" style=\"width:100%; height:auto;\" \/><img decoding=\"async\" width=\"100\" height=\"60\" src=\"https:\/\/modelkars.com\/wp-content\/uploads\/gt1002-koenigsegg-jesko-blue-blahaj-2025-GT-Spirit-4-100x60.webp\" class=\"attachment-rgp_small size-rgp_small\" alt=\"\" style=\"width:100%; height:auto;\" \/><img decoding=\"async\" width=\"100\" height=\"60\" src=\"https:\/\/modelkars.com\/wp-content\/uploads\/gt1002-koenigsegg-jesko-blue-blahaj-2025-GT-Spirit-5-100x60.webp\" class=\"attachment-rgp_small size-rgp_small\" alt=\"\" style=\"width:100%; height:auto;\" \/><\/div><\/div><\/a><a href=\"https:\/\/modelkars.com\/fr\/shop\/gt-spirit\/gt565-ford-mustang-rtr-spec-3-jaune\/\" style=\"text-decoration:none; color:inherit;\"><div class=\"rgp-product\" style=\"border:1px solid #ddd; padding:10px;\"><h3 style=\"font-size:1rem; margin-bottom:5px;\">Ford Mustang RTR Spec 3<\/h3><p style=\"font-size:0.85rem; color:#555;\">GT Spirit<\/p><div class=\"rgp-first-image\" style=\"margin-bottom:5px;\"><img decoding=\"async\" width=\"680\" height=\"453\" src=\"https:\/\/modelkars.com\/wp-content\/uploads\/gt565-ford-mustang-rtr-spec-3-hyper-lime-2025-GT-Spirit-gt565-GT-Spirit-1-680x453.webp\" class=\"attachment-medium size-medium\" alt=\"\" srcset=\"https:\/\/modelkars.com\/wp-content\/uploads\/gt565-ford-mustang-rtr-spec-3-hyper-lime-2025-GT-Spirit-gt565-GT-Spirit-1-680x453.webp 680w, https:\/\/modelkars.com\/wp-content\/uploads\/gt565-ford-mustang-rtr-spec-3-hyper-lime-2025-GT-Spirit-gt565-GT-Spirit-1-64x43.webp 64w, https:\/\/modelkars.com\/wp-content\/uploads\/gt565-ford-mustang-rtr-spec-3-hyper-lime-2025-GT-Spirit-gt565-GT-Spirit-1.webp 1200w\" sizes=\"(max-width: 680px) 100vw, 680px\" \/><\/div><div class=\"rgp-other-images\" style=\"\n                    display:grid;\n                    grid-template-columns:repeat(2, 1fr);\n                    grid-template-rows:repeat(2, auto);\n                    gap:5px;\n                    margin-top:5px;\n                \"><img decoding=\"async\" width=\"100\" height=\"60\" src=\"https:\/\/modelkars.com\/wp-content\/uploads\/gt565-ford-mustang-rtr-spec-3-hyper-lime-2025-GT-Spirit-gt565-GT-Spirit-2-100x60.webp\" class=\"attachment-rgp_small size-rgp_small\" alt=\"\" style=\"width:100%; height:auto;\" \/><img decoding=\"async\" width=\"100\" height=\"60\" src=\"https:\/\/modelkars.com\/wp-content\/uploads\/gt565-ford-mustang-rtr-spec-3-hyper-lime-2025-GT-Spirit-gt565-GT-Spirit-4-100x60.webp\" class=\"attachment-rgp_small size-rgp_small\" alt=\"\" style=\"width:100%; height:auto;\" \/><img decoding=\"async\" width=\"100\" height=\"60\" src=\"https:\/\/modelkars.com\/wp-content\/uploads\/gt565-ford-mustang-rtr-spec-3-hyper-lime-2025-GT-Spirit-gt565-GT-Spirit-5-100x60.webp\" class=\"attachment-rgp_small size-rgp_small\" alt=\"\" style=\"width:100%; height:auto;\" \/><img decoding=\"async\" width=\"100\" height=\"60\" src=\"https:\/\/modelkars.com\/wp-content\/uploads\/gt565-ford-mustang-rtr-spec-3-hyper-lime-2025-GT-Spirit-gt565-GT-Spirit-3-100x60.webp\" class=\"attachment-rgp_small size-rgp_small\" alt=\"\" style=\"width:100%; height:auto;\" \/><\/div><\/div><\/a><a href=\"https:\/\/modelkars.com\/fr\/shop\/bbr\/p18271c-ferrari-499p-83-af-corse-vainqueur-24h-du-mans-2025-kubica-ye-hanson\/\" style=\"text-decoration:none; color:inherit;\"><div class=\"rgp-product\" style=\"border:1px solid #ddd; padding:10px;\"><h3 style=\"font-size:1rem; margin-bottom:5px;\">Ferrari 499P #83 AF Corse Vainqueur 24h du Mans 2025<\/h3><p style=\"font-size:0.85rem; color:#555;\">BBR<\/p><div class=\"rgp-first-image\" style=\"margin-bottom:5px;\"><img decoding=\"async\" width=\"680\" height=\"472\" src=\"https:\/\/modelkars.com\/wp-content\/uploads\/P18271C-ferrari-499p-winner-le-mans-2025-kubica-ye-hanson-BBR-1-9-680x472.webp\" class=\"attachment-medium size-medium\" alt=\"\" srcset=\"https:\/\/modelkars.com\/wp-content\/uploads\/P18271C-ferrari-499p-winner-le-mans-2025-kubica-ye-hanson-BBR-1-9-680x472.webp 680w, https:\/\/modelkars.com\/wp-content\/uploads\/P18271C-ferrari-499p-winner-le-mans-2025-kubica-ye-hanson-BBR-1-9-1200x834.webp 1200w, https:\/\/modelkars.com\/wp-content\/uploads\/P18271C-ferrari-499p-winner-le-mans-2025-kubica-ye-hanson-BBR-1-9-1536x1067.webp 1536w, https:\/\/modelkars.com\/wp-content\/uploads\/P18271C-ferrari-499p-winner-le-mans-2025-kubica-ye-hanson-BBR-1-9-64x44.webp 64w, https:\/\/modelkars.com\/wp-content\/uploads\/P18271C-ferrari-499p-winner-le-mans-2025-kubica-ye-hanson-BBR-1-9.webp 1612w\" sizes=\"(max-width: 680px) 100vw, 680px\" \/><\/div><div class=\"rgp-other-images\" style=\"\n                    display:grid;\n                    grid-template-columns:repeat(2, 1fr);\n                    grid-template-rows:repeat(2, auto);\n                    gap:5px;\n                    margin-top:5px;\n                \"><img decoding=\"async\" width=\"100\" height=\"60\" src=\"https:\/\/modelkars.com\/wp-content\/uploads\/P18271C-ferrari-499p-winner-le-mans-2025-kubica-ye-hanson-BBR-1-10-100x60.webp\" class=\"attachment-rgp_small size-rgp_small\" alt=\"\" style=\"width:100%; height:auto;\" \/><img decoding=\"async\" width=\"100\" height=\"60\" src=\"https:\/\/modelkars.com\/wp-content\/uploads\/P18271C-ferrari-499p-winner-le-mans-2025-kubica-ye-hanson-BBR-1-6-100x60.webp\" class=\"attachment-rgp_small size-rgp_small\" alt=\"\" style=\"width:100%; height:auto;\" \/><img decoding=\"async\" width=\"100\" height=\"60\" src=\"https:\/\/modelkars.com\/wp-content\/uploads\/P18271C-ferrari-499p-winner-le-mans-2025-kubica-ye-hanson-BBR-1-7-100x60.webp\" class=\"attachment-rgp_small size-rgp_small\" alt=\"\" style=\"width:100%; height:auto;\" \/><img decoding=\"async\" width=\"100\" height=\"60\" src=\"https:\/\/modelkars.com\/wp-content\/uploads\/P18271C-ferrari-499p-winner-le-mans-2025-kubica-ye-hanson-BBR-1-8-100x60.webp\" class=\"attachment-rgp_small size-rgp_small\" alt=\"\" style=\"width:100%; height:auto;\" \/><\/div><\/div><\/a><a href=\"https:\/\/modelkars.com\/fr\/shop\/bbr\/p18151i-ferrari-f40-bleu-hyperion\/\" style=\"text-decoration:none; color:inherit;\"><div class=\"rgp-product\" style=\"border:1px solid #ddd; padding:10px;\"><h3 style=\"font-size:1rem; margin-bottom:5px;\">Ferrari F40<\/h3><p style=\"font-size:0.85rem; color:#555;\">BBR<\/p><div class=\"rgp-first-image\" style=\"margin-bottom:5px;\"><img decoding=\"async\" width=\"680\" height=\"472\" src=\"https:\/\/modelkars.com\/wp-content\/uploads\/p18151i-ferrari-f40-hyperion-blue-1987-BBR-1-8-680x472.webp\" class=\"attachment-medium size-medium\" alt=\"\" srcset=\"https:\/\/modelkars.com\/wp-content\/uploads\/p18151i-ferrari-f40-hyperion-blue-1987-BBR-1-8-680x472.webp 680w, https:\/\/modelkars.com\/wp-content\/uploads\/p18151i-ferrari-f40-hyperion-blue-1987-BBR-1-8-1200x834.webp 1200w, https:\/\/modelkars.com\/wp-content\/uploads\/p18151i-ferrari-f40-hyperion-blue-1987-BBR-1-8-1536x1067.webp 1536w, https:\/\/modelkars.com\/wp-content\/uploads\/p18151i-ferrari-f40-hyperion-blue-1987-BBR-1-8-64x44.webp 64w, https:\/\/modelkars.com\/wp-content\/uploads\/p18151i-ferrari-f40-hyperion-blue-1987-BBR-1-8.webp 1612w\" sizes=\"(max-width: 680px) 100vw, 680px\" \/><\/div><div class=\"rgp-other-images\" style=\"\n                    display:grid;\n                    grid-template-columns:repeat(2, 1fr);\n                    grid-template-rows:repeat(2, auto);\n                    gap:5px;\n                    margin-top:5px;\n                \"><img decoding=\"async\" width=\"100\" height=\"60\" src=\"https:\/\/modelkars.com\/wp-content\/uploads\/p18151i-ferrari-f40-hyperion-blue-1987-BBR-1-9-100x60.webp\" class=\"attachment-rgp_small size-rgp_small\" alt=\"\" style=\"width:100%; height:auto;\" \/><img decoding=\"async\" width=\"100\" height=\"60\" src=\"https:\/\/modelkars.com\/wp-content\/uploads\/p18151i-ferrari-f40-hyperion-blue-1987-BBR-1-3-100x60.webp\" class=\"attachment-rgp_small size-rgp_small\" alt=\"\" style=\"width:100%; height:auto;\" \/><img decoding=\"async\" width=\"100\" height=\"60\" src=\"https:\/\/modelkars.com\/wp-content\/uploads\/p18151i-ferrari-f40-hyperion-blue-1987-BBR-1-4-100x60.webp\" class=\"attachment-rgp_small size-rgp_small\" alt=\"\" style=\"width:100%; height:auto;\" \/><img decoding=\"async\" width=\"100\" height=\"60\" src=\"https:\/\/modelkars.com\/wp-content\/uploads\/p18151i-ferrari-f40-hyperion-blue-1987-BBR-1-2-100x60.webp\" class=\"attachment-rgp_small size-rgp_small\" alt=\"\" style=\"width:100%; height:auto;\" \/><\/div><\/div><\/a><a href=\"https:\/\/modelkars.com\/fr\/shop\/bbr\/p18250b-pagani-imola-roadster-dark-blue\/\" style=\"text-decoration:none; color:inherit;\"><div class=\"rgp-product\" style=\"border:1px solid #ddd; padding:10px;\"><h3 style=\"font-size:1rem; margin-bottom:5px;\">Pagani Imola Roadster<\/h3><p style=\"font-size:0.85rem; color:#555;\">BBR<\/p><div class=\"rgp-first-image\" style=\"margin-bottom:5px;\"><img decoding=\"async\" width=\"680\" height=\"472\" src=\"https:\/\/modelkars.com\/wp-content\/uploads\/p18250b-pagani-imola-roadster-dark-blue-BBR-1-9-680x472.webp\" class=\"attachment-medium size-medium\" alt=\"\" srcset=\"https:\/\/modelkars.com\/wp-content\/uploads\/p18250b-pagani-imola-roadster-dark-blue-BBR-1-9-680x472.webp 680w, https:\/\/modelkars.com\/wp-content\/uploads\/p18250b-pagani-imola-roadster-dark-blue-BBR-1-9-1200x834.webp 1200w, https:\/\/modelkars.com\/wp-content\/uploads\/p18250b-pagani-imola-roadster-dark-blue-BBR-1-9-1536x1067.webp 1536w, https:\/\/modelkars.com\/wp-content\/uploads\/p18250b-pagani-imola-roadster-dark-blue-BBR-1-9-64x44.webp 64w, https:\/\/modelkars.com\/wp-content\/uploads\/p18250b-pagani-imola-roadster-dark-blue-BBR-1-9.webp 1612w\" sizes=\"(max-width: 680px) 100vw, 680px\" \/><\/div><div class=\"rgp-other-images\" style=\"\n                    display:grid;\n                    grid-template-columns:repeat(2, 1fr);\n                    grid-template-rows:repeat(2, auto);\n                    gap:5px;\n                    margin-top:5px;\n                \"><img decoding=\"async\" width=\"100\" height=\"60\" src=\"https:\/\/modelkars.com\/wp-content\/uploads\/p18250b-pagani-imola-roadster-dark-blue-BBR-1-10-100x60.webp\" class=\"attachment-rgp_small size-rgp_small\" alt=\"\" style=\"width:100%; height:auto;\" \/><img decoding=\"async\" width=\"100\" height=\"60\" src=\"https:\/\/modelkars.com\/wp-content\/uploads\/p18250b-pagani-imola-roadster-dark-blue-BBR-1-6-100x60.webp\" class=\"attachment-rgp_small size-rgp_small\" alt=\"\" style=\"width:100%; height:auto;\" \/><img decoding=\"async\" width=\"100\" height=\"60\" src=\"https:\/\/modelkars.com\/wp-content\/uploads\/p18250b-pagani-imola-roadster-dark-blue-BBR-1-7-100x60.webp\" class=\"attachment-rgp_small size-rgp_small\" alt=\"\" style=\"width:100%; height:auto;\" \/><img decoding=\"async\" width=\"100\" height=\"60\" src=\"https:\/\/modelkars.com\/wp-content\/uploads\/p18250b-pagani-imola-roadster-dark-blue-BBR-1-8-100x60.webp\" class=\"attachment-rgp_small size-rgp_small\" alt=\"\" style=\"width:100%; height:auto;\" \/><\/div><\/div><\/a><\/div>\n","protected":false},"excerpt":{"rendered":"<p>D\u00e9couvrez tous les mod\u00e8les dont les photos ont \u00e9t\u00e9 ajout\u00e9es r\u00e9cemment. Id\u00e9al pour suivre vos pr\u00e9commandes et voir les d\u00e9tails avant tout le monde !<\/p>\n","protected":false},"author":1,"featured_media":0,"parent":0,"menu_order":0,"comment_status":"closed","ping_status":"closed","template":"","meta":{"_seopress_robots_primary_cat":"","_seopress_titles_title":"","_seopress_titles_desc":"","_seopress_robots_index":"","footnotes":""},"class_list":["post-74416","page","type-page","status-publish","hentry"],"_links":{"self":[{"href":"https:\/\/modelkars.com\/fr\/wp-json\/wp\/v2\/pages\/74416","targetHints":{"allow":["GET"]}}],"collection":[{"href":"https:\/\/modelkars.com\/fr\/wp-json\/wp\/v2\/pages"}],"about":[{"href":"https:\/\/modelkars.com\/fr\/wp-json\/wp\/v2\/types\/page"}],"author":[{"embeddable":true,"href":"https:\/\/modelkars.com\/fr\/wp-json\/wp\/v2\/users\/1"}],"replies":[{"embeddable":true,"href":"https:\/\/modelkars.com\/fr\/wp-json\/wp\/v2\/comments?post=74416"}],"version-history":[{"count":0,"href":"https:\/\/modelkars.com\/fr\/wp-json\/wp\/v2\/pages\/74416\/revisions"}],"wp:attachment":[{"href":"https:\/\/modelkars.com\/fr\/wp-json\/wp\/v2\/media?parent=74416"}],"curies":[{"name":"wp","href":"https:\/\/api.w.org\/{rel}","templated":true}]}}