{"id":4553,"date":"2019-04-12T01:46:02","date_gmt":"2019-04-11T23:46:02","guid":{"rendered":"https:\/\/modelkars.com\/?page_id=4553"},"modified":"2025-11-06T11:55:26","modified_gmt":"2025-11-06T10:55:26","slug":"paiement-partiel","status":"publish","type":"page","link":"https:\/\/modelkars.com\/fr\/paiement-partiel\/","title":{"rendered":"Informations sur le paiement partiel"},"content":{"rendered":"  <div id=\"page-header-1892183289\" class=\"page-header-wrapper\">\n  <div class=\"page-title dark simple-title has-parallax\">\n\n        <div class=\"page-title-bg\">\n      <div class=\"title-bg fill bg-fill\"\n        data-parallax-container=\".page-title\"\n        data-parallax-background\n        data-parallax=\"-5\">\n      <\/div>\n      <div class=\"title-overlay fill\"><\/div>\n    <\/div>\n    \n    <div class=\"page-title-inner container align-center text-center flex-row-col medium-flex-wrap\" >\n              <div class=\"title-wrapper uppercase is-larger flex-col\">\n          <h1 class=\"entry-title mb-0\">\n            Informations sur le paiement partiel          <\/h1>\n        <\/div>\n                    <div class=\"title-content flex-col\">\n              <\/div>\n    <\/div>\n\n     \n<style>\n#page-header-1892183289 .page-title-inner {\n  min-height: 30vh;\n}\n#page-header-1892183289 .title-bg {\n  background-image: url(https:\/\/modelkars.com\/wp-content\/uploads\/76074-mclaren-720s-orange-wheel-1200.jpg);\n  background-position: 45% 47%;\n}\n#page-header-1892183289 .title-overlay {\n  background-color: rgba(0,0,0,.5);\n}\n<\/style>\n  <\/div>\n    <\/div>\n  \n\n\t<section class=\"section\" id=\"section_5461064\">\n\t\t<div class=\"section-bg fill\" >\n\t\t\t\t\t\t\t\t\t<div class=\"section-bg-overlay absolute fill\"><\/div>\n\t\t\t\n\n\t\t<\/div>\n\n\t\t\n\n\t\t<div class=\"section-content relative\">\n\t\t\t\n<div class=\"row\"  id=\"row-727810447\">\n\n\t<div id=\"col-1610023493\" class=\"col small-12 large-12\"  >\n\t\t\t\t<div class=\"col-inner\"  >\n\t\t\t\n\t\t\t\n\t<div id=\"gap-485291306\" class=\"gap-element clearfix\" style=\"display:block; height:auto;\">\n\t\t\n<style>\n#gap-485291306 {\n  padding-top: 30px;\n}\n<\/style>\n\t<\/div>\n\t\n<div class=\"container section-title-container\" ><h4 class=\"section-title section-title-center\"><b aria-hidden=\"true\"><\/b><span class=\"section-title-main\" >Qu'est-ce que le paiement partiel (Payer plus tard) ?<\/span><b aria-hidden=\"true\"><\/b><\/h4><\/div>\n<p><strong>Cette option gratuite permet de pr\u00e9commander un mod\u00e8le sans avoir \u00e0 le payer en totalit\u00e9. <\/strong>Lorsque vous choisissez le paiement partiel, un acompte vous est demand\u00e9 pour confirmer votre pr\u00e9commande. Ce montant est d\u00e9duit du reste \u00e0 payer.<\/p>\n<p><em>Exemple pour un mod\u00e8le \u00e0 100\u20ac : vous payez 10\u20ac aujourd&rsquo;hui, il ne vous restera que 90\u20ac \u00e0 payer.<\/em><\/p>\n<p>Elle s&rsquo;applique de fa\u00e7on ind\u00e9pendante pour chaque produit : vous pouvez donc choisir de payer un mod\u00e8le en totalit\u00e9 et un autre partiellement, dans une seule et m\u00eame commande. Cette option n&rsquo;est pas disponible pour les mod\u00e8les en stock (ou dont l&rsquo;arriv\u00e9e en stock est imminente).<\/p>\n\t\t<\/div>\n\t\t\t\t\t<\/div>\n\n\t\n\n\t<div id=\"col-1780144979\" class=\"col medium-6 small-12 large-6\"  >\n\t\t\t\t<div class=\"col-inner text-center\"  >\n\t\t\t\n\t\t\t\n<div class=\"pricing-table-wrapper\">\n  <div class=\"pricing-table ux_price_table text-center box-shadow-3-hover\">\n    <div class=\"pricing-table-header\">\n      <div class=\"title uppercase strong\">Etape 1 - Pr\u00e9commande<\/div>\n      <div class=\"price is-xxlarge\">Paiement d'un acompte<\/div>\n              <div class=\"description is-small\">\n          (environ 10% + frais de port)        <\/div>\n          <\/div>\n    <div class=\"pricing-table-items items\">\n      \n<div class=\"bullet-item\" title=\"\"><span class=\"text\">Votre pr\u00e9commande est enregistr\u00e9e \u2705<\/span><\/div>\n<div class=\"bullet-item\" title=\"\"><span class=\"text\">Votre mod\u00e8le est r\u00e9serv\u00e9 \ud83d\ude97<\/span><\/div>\n    <\/div>\n      <\/div>\n<\/div>\n\n\n\t\t<\/div>\n\t\t\t\t\t<\/div>\n\n\t\n\n\t<div id=\"col-1846317527\" class=\"col medium-6 small-12 large-6\"  >\n\t\t\t\t<div class=\"col-inner\"  >\n\t\t\t\n\t\t\t\n<div class=\"pricing-table-wrapper\">\n  <div class=\"pricing-table ux_price_table text-center box-shadow-3-hover\">\n    <div class=\"pricing-table-header\">\n      <div class=\"title uppercase strong\">Etape 2 - Mod\u00e8le disponible<\/div>\n      <div class=\"price is-xxlarge\">Paiement du solde<\/div>\n              <div class=\"description is-small\">\n          (quelques jours avant l'arriv\u00e9e en stock)        <\/div>\n          <\/div>\n    <div class=\"pricing-table-items items\">\n      \n<div class=\"bullet-item\" title=\"\"><span class=\"text\">Vous recevez un lien de paiement s\u00e9curis\u00e9 \ud83d\udd12<\/span><\/div>\n<div class=\"bullet-item\" title=\"\"><span class=\"text\">Votre mod\u00e8le est exp\u00e9di\u00e9 d\u00e8s l'arriv\u00e9e en stock \ud83d\udce6<\/span><\/div>\n    <\/div>\n      <\/div>\n<\/div>\n\n\n\t\t<\/div>\n\t\t\t\t\t<\/div>\n\n\t\n<\/div>\n\t\t<\/div>\n\n\t\t\n<style>\n#section_5461064 {\n  padding-top: 30px;\n  padding-bottom: 30px;\n}\n#section_5461064 .section-bg-overlay {\n  background-color: rgba(255,255,255,.5);\n}\n<\/style>\n\t<\/section>\n\t\n\n\t<section class=\"section has-mask mask-arrow\" id=\"section_134850530\">\n\t\t<div class=\"section-bg fill\" >\n\t\t\t\t\t\t\t\t\t\n\t\t\t\n\n\t\t<\/div>\n\n\t\t\n\n\t\t<div class=\"section-content relative\">\n\t\t\t\n<div class=\"row\"  id=\"row-1702241483\">\n\n\t<div id=\"col-2052384512\" class=\"col small-12 large-12\"  >\n\t\t\t\t<div class=\"col-inner\"  >\n\t\t\t\n\t\t\t\n\t<div id=\"gap-1723595424\" class=\"gap-element clearfix\" style=\"display:block; height:auto;\">\n\t\t\n<style>\n#gap-1723595424 {\n  padding-top: 30px;\n}\n<\/style>\n\t<\/div>\n\t\n<div class=\"container section-title-container\" ><h4 class=\"section-title section-title-center\"><b aria-hidden=\"true\"><\/b><span class=\"section-title-main\" >Questions fr\u00e9quentes sur le paiement partiel<\/span><b aria-hidden=\"true\"><\/b><\/h4><\/div>\n<div class=\"accordion\">\n\t<div id=\"accordion-3114287522\" class=\"accordion-item\">\n\t\t<a id=\"accordion-3114287522-label\" class=\"accordion-title plain\" href=\"#accordion-item-le-paiement-du-solde-restant-est-il-automatique-?\" aria-expanded=\"false\" aria-controls=\"accordion-3114287522-content\">\n\t\t\t<button class=\"toggle\" aria-label=\"Basculer\"><i class=\"icon-angle-down\" aria-hidden=\"true\"><\/i><\/button>\n\t\t\t<span>Le paiement du solde restant est-il automatique ?<\/span>\n\t\t<\/a>\n\t\t<div id=\"accordion-3114287522-content\" class=\"accordion-inner\" aria-labelledby=\"accordion-3114287522-label\">\n\t\t\t\n<p>Non. <strong>Le solde restant de votre commande ne sera jamais pr\u00e9lev\u00e9 automatiquement.<\/strong> Modelkars ne stocke par ailleurs aucune de vos donn\u00e9es bancaires.<\/p>\n\t\t<\/div>\n\t<\/div>\n\t\n\t<div id=\"accordion-1991436759\" class=\"accordion-item\">\n\t\t<a id=\"accordion-1991436759-label\" class=\"accordion-title plain\" href=\"#accordion-item-quand-et-comment-r\u00e9gler-le-solde-de-ma-commande-?\" aria-expanded=\"false\" aria-controls=\"accordion-1991436759-content\">\n\t\t\t<button class=\"toggle\" aria-label=\"Basculer\"><i class=\"icon-angle-down\" aria-hidden=\"true\"><\/i><\/button>\n\t\t\t<span>Quand et comment r\u00e9gler le solde de ma commande ?<\/span>\n\t\t<\/a>\n\t\t<div id=\"accordion-1991436759-content\" class=\"accordion-inner\" aria-labelledby=\"accordion-1991436759-label\">\n\t\t\t\n<p>Vous serez averti par e-mail <strong>quelques jours avant l&rsquo;arriv\u00e9e en stock<\/strong> de votre mod\u00e8le. Un <strong>lien s\u00e9curis\u00e9<\/strong> vous permet d&rsquo;effectuer le r\u00e8glement du montant restant, en utilisant le mode de paiement de votre choix.<\/p>\n\t\t<\/div>\n\t<\/div>\n\t\n\t<div id=\"accordion-3084797919\" class=\"accordion-item\">\n\t\t<a id=\"accordion-3084797919-label\" class=\"accordion-title plain\" href=\"#accordion-item-je-souhaite-r\u00e9gler-le-solde-en-avance.-est-ce-possible-?\" aria-expanded=\"false\" aria-controls=\"accordion-3084797919-content\">\n\t\t\t<button class=\"toggle\" aria-label=\"Basculer\"><i class=\"icon-angle-down\" aria-hidden=\"true\"><\/i><\/button>\n\t\t\t<span>Je souhaite r\u00e9gler le solde en avance. Est-ce possible ?<\/span>\n\t\t<\/a>\n\t\t<div id=\"accordion-3084797919-content\" class=\"accordion-inner\" aria-labelledby=\"accordion-3084797919-label\">\n\t\t\t\n<p>Bien s\u00fbr ! Il vous suffit pour cela d&rsquo;en faire la demande par e-mail afin que la facturation du solde vous soit envoy\u00e9e en avance.<\/p>\n<p><a class=\"primary button\" href=\"https:\/\/modelkars.com\/contact\/?message=Je%20souhaite%20recevoir%20la%20facture%20de%20solde%20de%20ma%20commande%20(num\u00e9ro%20de%20commande)\">Demander la facturation du solde<\/a><\/p>\n\t\t<\/div>\n\t<\/div>\n\t\n\t<div id=\"accordion-791685205\" class=\"accordion-item\">\n\t\t<a id=\"accordion-791685205-label\" class=\"accordion-title plain\" href=\"#accordion-item-je-dois-payer-davantage-que-l&#039;acompte,-est-ce-normal-?\" aria-expanded=\"false\" aria-controls=\"accordion-791685205-content\">\n\t\t\t<button class=\"toggle\" aria-label=\"Basculer\"><i class=\"icon-angle-down\" aria-hidden=\"true\"><\/i><\/button>\n\t\t\t<span>Je dois payer davantage que l'acompte, est-ce normal ?<\/span>\n\t\t<\/a>\n\t\t<div id=\"accordion-791685205-content\" class=\"accordion-inner\" aria-labelledby=\"accordion-791685205-label\">\n\t\t\t\n<p>Le montant total des frais de transport doit \u00eatre r\u00e9gl\u00e9 en m\u00eame temps que l&rsquo;acompte. Par exemple pour un acompte de 10\u20ac et une livraison \u00e0 8\u20ac, vous devrez payer 18\u20ac. Les frais de port sont remboursables en cas d&rsquo;annulation.<\/p>\n\t\t<\/div>\n\t<\/div>\n\t\n\t<div id=\"accordion-425204020\" class=\"accordion-item\">\n\t\t<a id=\"accordion-425204020-label\" class=\"accordion-title plain\" href=\"#accordion-item-puis-je-obtenir-le-remboursement-de-l&#039;acompte-?\" aria-expanded=\"false\" aria-controls=\"accordion-425204020-content\">\n\t\t\t<button class=\"toggle\" aria-label=\"Basculer\"><i class=\"icon-angle-down\" aria-hidden=\"true\"><\/i><\/button>\n\t\t\t<span>Puis-je obtenir le remboursement de l'acompte ?<\/span>\n\t\t<\/a>\n\t\t<div id=\"accordion-425204020-content\" class=\"accordion-inner\" aria-labelledby=\"accordion-425204020-label\">\n\t\t\t\n<p><strong>Le paiement d&rsquo;un acompte vous engage \u00e0 r\u00e9gler le montant total de votre achat.<\/strong> Vous b\u00e9n\u00e9ficiez n\u00e9anmoins du d\u00e9lai de r\u00e9tractation de 15 jours pour demander l&rsquo;annulation et le remboursement de votre commande. Pass\u00e9 ce d\u00e9lai, le montant de l&rsquo;acompte ne pourra vous \u00eatre rembours\u00e9 (seuls les frais de livraison \u00e9ventuels sont remboursables sans limite de dur\u00e9e).<\/p>\n<p>Chaque situation \u00e9tant sp\u00e9cifique, des exceptions peuvent s&rsquo;appliquer. N&rsquo;h\u00e9sitez pas \u00e0 nous contacter.<\/p>\n\t\t<\/div>\n\t<\/div>\n\t\n<\/div>\n<div class=\"text-center\"><div class=\"is-divider divider clearfix\" ><\/div><\/div>\n<p><strong>Si cette page n&rsquo;a pas r\u00e9pondu \u00e0 vos interrogations et que vous avez d&rsquo;autres questions sur le paiement partiel, je suis l\u00e0 pour vous aider\u00a0:<\/strong><\/p>\n<p><a class=\"button primary\" href=\"https:\/\/modelkars.com\/fr\/contact\/\">Contact<\/a><\/p>\n\t\t<\/div>\n\t\t\t\t\t<\/div>\n\n\t\n<\/div>\n\t\t<\/div>\n\n\t\t\n<style>\n#section_134850530 {\n  padding-top: 30px;\n  padding-bottom: 30px;\n  background-color: rgb(255, 255, 255);\n}\n<\/style>\n\t<\/section>\n\t\n","protected":false},"excerpt":{"rendered":"","protected":false},"author":1,"featured_media":0,"parent":0,"menu_order":0,"comment_status":"closed","ping_status":"closed","template":"page-blank.php","meta":{"_seopress_robots_primary_cat":"","_seopress_titles_title":"","_seopress_titles_desc":"","_seopress_robots_index":"","footnotes":""},"class_list":["post-4553","page","type-page","status-publish","hentry"],"_links":{"self":[{"href":"https:\/\/modelkars.com\/fr\/wp-json\/wp\/v2\/pages\/4553","targetHints":{"allow":["GET"]}}],"collection":[{"href":"https:\/\/modelkars.com\/fr\/wp-json\/wp\/v2\/pages"}],"about":[{"href":"https:\/\/modelkars.com\/fr\/wp-json\/wp\/v2\/types\/page"}],"author":[{"embeddable":true,"href":"https:\/\/modelkars.com\/fr\/wp-json\/wp\/v2\/users\/1"}],"replies":[{"embeddable":true,"href":"https:\/\/modelkars.com\/fr\/wp-json\/wp\/v2\/comments?post=4553"}],"version-history":[{"count":0,"href":"https:\/\/modelkars.com\/fr\/wp-json\/wp\/v2\/pages\/4553\/revisions"}],"wp:attachment":[{"href":"https:\/\/modelkars.com\/fr\/wp-json\/wp\/v2\/media?parent=4553"}],"curies":[{"name":"wp","href":"https:\/\/api.w.org\/{rel}","templated":true}]}}