{"id":1412,"date":"2018-06-01T00:13:19","date_gmt":"2018-05-31T22:13:19","guid":{"rendered":"https:\/\/modelkars.com\/?page_id=1412"},"modified":"2026-04-01T15:12:58","modified_gmt":"2026-04-01T13:12:58","slug":"declaration-de-confidentialite","status":"publish","type":"page","link":"https:\/\/modelkars.com\/fr\/declaration-de-confidentialite\/","title":{"rendered":"D\u00e9claration de confidentialit\u00e9"},"content":{"rendered":"<div class=\"container section-title-container\" ><h2 class=\"section-title section-title-center\"><b aria-hidden=\"true\"><\/b><span class=\"section-title-main\" >D\u00e9claration de confidentialit\u00e9<\/span><b aria-hidden=\"true\"><\/b><\/h2><\/div>\n<div class=\"container section-title-container\" style=\"margin-top:30px;margin-bottom:0px;\"><h3 class=\"section-title section-title-normal\"><b aria-hidden=\"true\"><\/b><span class=\"section-title-main\" >Article 1 - Renseignements personnels recueillis<\/span><b aria-hidden=\"true\"><\/b><\/h3><\/div>\n<p>Lorsque vous effectuez un achat sur notre boutique, dans le cadre de notre processus d\u2019achat et de vente, nous recueillons les renseignements personnels que vous nous fournissez, tels que votre nom, votre adresse et votre adresse e-mail.<\/p>\n<p>Lorsque vous naviguez sur notre boutique, nous recevons \u00e9galement automatiquement l\u2019adresse de protocole Internet (adresse IP) de votre ordinateur, qui nous permet d\u2019obtenir plus de d\u00e9tails au sujet du navigateur et du syst\u00e8me d\u2019exploitation que vous utilisez.<\/p>\n<p>Avec votre permission, nous pourrions vous envoyer des e-mails au sujet de notre boutique, de nouveaux produits et d\u2019autres mises \u00e0 jour.<\/p>\n<div class=\"container section-title-container\" style=\"margin-top:30px;margin-bottom:0px;\"><h3 class=\"section-title section-title-normal\"><b aria-hidden=\"true\"><\/b><span class=\"section-title-main\" >Article 2 - Consentement<\/span><b aria-hidden=\"true\"><\/b><\/h3><\/div>\n<div class=\"accordion\">\n\t<div id=\"accordion-2009496986\" class=\"accordion-item\">\n\t\t<a id=\"accordion-2009496986-label\" class=\"accordion-title plain\" href=\"#accordion-item-comment-obtenez-vous-mon-consentement-?\" aria-expanded=\"false\" aria-controls=\"accordion-2009496986-content\">\n\t\t\t<button class=\"toggle\" aria-label=\"Basculer\"><i class=\"icon-angle-down\" aria-hidden=\"true\"><\/i><\/button>\n\t\t\t<span>Comment obtenez-vous mon consentement ?<\/span>\n\t\t<\/a>\n\t\t<div id=\"accordion-2009496986-content\" class=\"accordion-inner\" aria-labelledby=\"accordion-2009496986-label\">\n\t\t\t\n<p>Lorsque vous nous fournissez vos renseignements personnels pour conclure une transaction, v\u00e9rifier votre carte de cr\u00e9dit, passer une commande, planifier une livraison ou retourner un achat, nous pr\u00e9sumons que vous consentez \u00e0 ce que nous recueillions vos renseignements et \u00e0 ce que nous les utilisions \u00e0 cette fin uniquement.<\/p>\n<p>Si nous vous demandons de nous fournir vos renseignements personnels pour une autre raison, \u00e0 des fins de marketing par exemple, nous vous demanderons directement votre consentement explicite, ou nous vous donnerons la possibilit\u00e9 de refuser.<\/p>\n\t\t<\/div>\n\t<\/div>\n\t\n\t<div id=\"accordion-2864771146\" class=\"accordion-item\">\n\t\t<a id=\"accordion-2864771146-label\" class=\"accordion-title plain\" href=\"#accordion-item-comment-puis-je-retirer-mon-consentement-?\" aria-expanded=\"false\" aria-controls=\"accordion-2864771146-content\">\n\t\t\t<button class=\"toggle\" aria-label=\"Basculer\"><i class=\"icon-angle-down\" aria-hidden=\"true\"><\/i><\/button>\n\t\t\t<span>Comment puis-je retirer mon consentement ?<\/span>\n\t\t<\/a>\n\t\t<div id=\"accordion-2864771146-content\" class=\"accordion-inner\" aria-labelledby=\"accordion-2864771146-label\">\n\t\t\t\n<p>Si apr\u00e8s nous avoir donn\u00e9 votre consentement, vous changez d\u2019avis et ne consentez plus \u00e0 ce que nous puissions vous contacter, recueillir vos renseignements ou les divulguer, vous pouvez nous en aviser en nous contactant \u00e0 contact@modelkars.com ou par courrier \u00e0 : Modelkars, 5 rue du Manoir de Servign\u00e9, 35000 Rennes, France.<\/p>\n\t\t<\/div>\n\t<\/div>\n\t\n<\/div>\n<div class=\"container section-title-container\" style=\"margin-top:30px;margin-bottom:0px;\"><h3 class=\"section-title section-title-normal\"><b aria-hidden=\"true\"><\/b><span class=\"section-title-main\" >Article 3 - Divulgation<\/span><b aria-hidden=\"true\"><\/b><\/h3><\/div>\n<p>Nous pouvons divulguer vos renseignements personnels si la loi nous oblige \u00e0 le faire ou si vous violez nos Conditions G\u00e9n\u00e9rales de Vente et d\u2019Utilisation.<\/p>\n<div class=\"container section-title-container\" style=\"margin-top:30px;margin-bottom:0px;\"><h3 class=\"section-title section-title-normal\"><b aria-hidden=\"true\"><\/b><span class=\"section-title-main\" >Article 4 - Stockage<\/span><b aria-hidden=\"true\"><\/b><\/h3><\/div>\n<p>Notre boutique est h\u00e9berg\u00e9e aupr\u00e8s de Google LLC, une entreprise bas\u00e9e \u00e0 Mountain View (USA) et qui poss\u00e8de \u00e9galement une infrastructure \u00e0 Bruxelles (Belgique) o\u00f9 notre boutique est h\u00e9berg\u00e9e. Vos donn\u00e9es sont conserv\u00e9es sur un serveur s\u00e9curis\u00e9 prot\u00e9g\u00e9 par un pare-feu ainsi que toutes les derni\u00e8res technologie en mati\u00e8re de s\u00e9curit\u00e9 informatique.<\/p>\n<div class=\"container section-title-container\" style=\"margin-top:30px;margin-bottom:0px;\"><h3 class=\"section-title section-title-normal\"><b aria-hidden=\"true\"><\/b><span class=\"section-title-main\" >Article 5 - Services fournis par des tiers<\/span><b aria-hidden=\"true\"><\/b><\/h3><\/div>\n<p>Si vous r\u00e9alisez votre achat par le biais d&rsquo;une passerelle de paiement direct, celle-ci sera assur\u00e9e par Stripe ou Paypal en fonction du mode de paiement que vous aurez choisi. Ces passerelles de paiement respectent scrupuleusement les derni\u00e8res normes en mati\u00e8re de paiement en ligne et de traitement s\u00e9curis\u00e9 des donn\u00e9es. Aucune de vos donn\u00e9es bancaire de transite ni n&rsquo;est stock\u00e9e par nos serveurs.<\/p>\n<p>De mani\u00e8re g\u00e9n\u00e9rale, les fournisseurs tiers que nous utilisons vont uniquement recueillir, utiliser et divulguer vos renseignements dans la mesure du n\u00e9cessaire pour pouvoir r\u00e9aliser les services qu\u2019ils nous fournissent.<\/p>\n<p>Cependant, certains tiers fournisseurs de services, comme les passerelles de paiement et autres processeurs de transactions de paiement, poss\u00e8dent leurs propres politiques de confidentialit\u00e9 quant aux renseignements que nous sommes tenus de leur fournir pour vos transactions d\u2019achat.<\/p>\n<p>En ce qui concerne ces fournisseurs, nous vous recommandons de lire attentivement leurs politiques de confidentialit\u00e9 pour que vous puissiez comprendre la mani\u00e8re dont ils traiteront vos renseignements personnels.<\/p>\n<p>Il ne faut pas oublier que certains fournisseurs peuvent \u00eatre situ\u00e9s ou avoir des installations situ\u00e9es dans une juridiction diff\u00e9rente de la v\u00f4tre ou de la n\u00f4tre. Donc si vous d\u00e9cidez de poursuivre une transaction qui requiert les services d\u2019un fournisseur tiers, vos renseignements pourraient alors \u00eatre r\u00e9gis par les lois de la juridiction dans laquelle ce fournisseur se situe ou celles de la juridiction dans laquelle ses installations sont situ\u00e9es.<\/p>\n<p>Une fois que vous quittez le site de notre boutique ou que vous \u00eates redirig\u00e9 vers le site web ou l\u2019application d\u2019un tiers, vous n\u2019\u00eates plus r\u00e9gi par la pr\u00e9sente Politique de Confidentialit\u00e9 ni par les Conditions G\u00e9n\u00e9rales de Vente et d\u2019Utilisation de notre site web.<\/p>\n<div class=\"container section-title-container\" style=\"margin-top:30px;margin-bottom:0px;\"><h3 class=\"section-title section-title-normal\"><b aria-hidden=\"true\"><\/b><span class=\"section-title-main\" >Article 6 - S\u00e9curit\u00e9<\/span><b aria-hidden=\"true\"><\/b><\/h3><\/div>\n<p>Pour prot\u00e9ger vos donn\u00e9es personnelles, nous prenons des pr\u00e9cautions raisonnables et suivons les meilleures pratiques de l\u2019industrie pour nous assurer qu\u2019elles ne soient pas perdues, d\u00e9tourn\u00e9es, consult\u00e9es, divulgu\u00e9es, modifi\u00e9es ou d\u00e9truites de mani\u00e8re inappropri\u00e9e.<\/p>\n<div class=\"container section-title-container\" style=\"margin-top:30px;margin-bottom:0px;\"><h3 class=\"section-title section-title-normal\"><b aria-hidden=\"true\"><\/b><span class=\"section-title-main\" >Article 7 - \u00c2ge de consentement<\/span><b aria-hidden=\"true\"><\/b><\/h3><\/div>\n<p>En utilisant ce site, vous d\u00e9clarez que vous avez au moins l\u2019\u00e2ge de la majorit\u00e9 dans votre \u00c9tat ou province de r\u00e9sidence, et que vous nous avez donn\u00e9 votre consentement pour permettre \u00e0 toute personne d\u2019\u00e2ge mineur \u00e0 votre charge d\u2019utiliser ce site web.<\/p>\n<div class=\"container section-title-container\" style=\"margin-top:30px;margin-bottom:0px;\"><h3 class=\"section-title section-title-normal\"><b aria-hidden=\"true\"><\/b><span class=\"section-title-main\" >Article 8 - Modifications<\/span><b aria-hidden=\"true\"><\/b><\/h3><\/div>\n<p>Nous nous r\u00e9servons le droit de modifier la pr\u00e9sente politique de confidentialit\u00e9 \u00e0 tout moment, donc veuillez s\u2019il vous plait la consulter fr\u00e9quemment. Les changements et les clarifications prendront effet imm\u00e9diatement apr\u00e8s leur publication sur le site web. Si nous apportons des changements au contenu de cette politique, nous vous aviserons ici qu\u2019elle a \u00e9t\u00e9 mise \u00e0 jour, pour que vous sachiez quels renseignements nous recueillons, la mani\u00e8re dont nous les utilisons, et dans quelles circonstances nous les divulguons, s\u2019il y a lieu de le faire.<\/p>\n<p>Si notre boutique fait l\u2019objet d\u2019une acquisition par ou d\u2019une fusion avec une autre entreprise, vos renseignements pourraient \u00eatre transf\u00e9r\u00e9s aux nouveaux propri\u00e9taires pour que nous puissions continuer \u00e0 vous vendre des produits.<\/p>\n<div class=\"container section-title-container\" style=\"margin-top:30px;margin-bottom:0px;\"><h3 class=\"section-title section-title-normal\"><b aria-hidden=\"true\"><\/b><span class=\"section-title-main\" >Questions et coordonn\u00e9es<\/span><b aria-hidden=\"true\"><\/b><\/h3><\/div>\n<p>Si vous souhaitez consulter, corriger, modifier ou supprimer toute information personnelle que nous avons \u00e0 votre sujet, d\u00e9poser une plainte, ou si vous souhaitez simplement avoir plus d\u2019informations, contactez contact@modelkars.com ou envoyez un courrier \u00e0 Modelkars :<\/p>\n<p>Modelkars EURL<br \/>\n183 boulevard de Laval<br \/>\n35500 Vitr\u00e9<br \/>\nFrance<\/p>\n","protected":false},"excerpt":{"rendered":"<p>Lorsque vous effectuez un achat sur notre boutique, dans le cadre de notre processus d\u2019achat et de vente, nous recueillons les renseignements personnels que vous nous fournissez, tels que votre nom, votre adresse et votre adresse e-mail. Lorsque vous naviguez sur notre boutique, nous recevons \u00e9galement automatiquement l\u2019adresse de protocole Internet (adresse IP) de votre [&#8230;]\n","protected":false},"author":1,"featured_media":0,"parent":0,"menu_order":0,"comment_status":"closed","ping_status":"closed","template":"","meta":{"_seopress_robots_primary_cat":"","_seopress_titles_title":"","_seopress_titles_desc":"Informations relatives \u00e0 la collecte de donn\u00e9es personnelles.","_seopress_robots_index":"yes","footnotes":""},"class_list":["post-1412","page","type-page","status-publish","hentry"],"_links":{"self":[{"href":"https:\/\/modelkars.com\/fr\/wp-json\/wp\/v2\/pages\/1412","targetHints":{"allow":["GET"]}}],"collection":[{"href":"https:\/\/modelkars.com\/fr\/wp-json\/wp\/v2\/pages"}],"about":[{"href":"https:\/\/modelkars.com\/fr\/wp-json\/wp\/v2\/types\/page"}],"author":[{"embeddable":true,"href":"https:\/\/modelkars.com\/fr\/wp-json\/wp\/v2\/users\/1"}],"replies":[{"embeddable":true,"href":"https:\/\/modelkars.com\/fr\/wp-json\/wp\/v2\/comments?post=1412"}],"version-history":[{"count":1,"href":"https:\/\/modelkars.com\/fr\/wp-json\/wp\/v2\/pages\/1412\/revisions"}],"predecessor-version":[{"id":102535,"href":"https:\/\/modelkars.com\/fr\/wp-json\/wp\/v2\/pages\/1412\/revisions\/102535"}],"wp:attachment":[{"href":"https:\/\/modelkars.com\/fr\/wp-json\/wp\/v2\/media?parent=1412"}],"curies":[{"name":"wp","href":"https:\/\/api.w.org\/{rel}","templated":true}]}}