{"id":65825,"date":"2025-03-13T23:00:01","date_gmt":"2025-03-13T22:00:01","guid":{"rendered":"https:\/\/modelkars.com\/shop\/uncategorized\/ce-sf90sred-novitec-sf90-spider-red\/"},"modified":"2025-12-02T00:00:52","modified_gmt":"2025-12-01T23:00:52","slug":"ce-sf90sred-novitec-sf90-spider-red","status":"publish","type":"product","link":"https:\/\/modelkars.com\/en\/shop\/ce-models\/ce-sf90sred-novitec-sf90-spider-red\/","title":{"rendered":"Novitec SF90 Spider"},"content":{"rendered":"","protected":false},"excerpt":{"rendered":"<p>Cette Novitec SF90 Spider rouge \u00e0 l&#8217;\u00e9chelle 1:18 repr\u00e9sente la perfection du roadster Ferrari optimis\u00e9 par le c\u00e9l\u00e8bre pr\u00e9parateur allemand. Fa\u00e7onn\u00e9e avec pr\u00e9cision en r\u00e9sine par CE Models, cette miniature exclusive est limit\u00e9e \u00e0 30 exemplaires et livr\u00e9e avec vitrine et socle. Chaque d\u00e9tail des am\u00e9liorations a\u00e9rodynamiques Novitec est fid\u00e8lement reproduit, des jupes lat\u00e9rales au diffuseur arri\u00e8re. Limited to only 30 pieces, it comes in a display case with base. Novitec transforms the SF90 Spider by increasing its power to over 1100 horsepower, allowing it to reach 62 mph in just 2.4 seconds.<\/p>\n","protected":false},"featured_media":65819,"template":"","meta":{"_seopress_robots_primary_cat":"","_seopress_titles_title":"","_seopress_titles_desc":"","_seopress_robots_index":""},"product_brand":[],"product_cat":[638],"product_tag":[439,441,324,443,440,442],"class_list":{"0":"post-65825","1":"product","2":"type-product","3":"status-publish","4":"has-post-thumbnail","6":"product_cat-ce-models","7":"product_tag-1-18-scale","8":"product_tag-base-included","9":"product_tag-clear-display-included","10":"product_tag-limited-edition","11":"product_tag-no-openings","12":"product_tag-resin","14":"first","15":"outofstock","16":"taxable","17":"shipping-taxable","18":"purchasable","19":"product-type-simple"},"_links":{"self":[{"href":"https:\/\/modelkars.com\/en\/wp-json\/wp\/v2\/product\/65825","targetHints":{"allow":["GET"]}}],"collection":[{"href":"https:\/\/modelkars.com\/en\/wp-json\/wp\/v2\/product"}],"about":[{"href":"https:\/\/modelkars.com\/en\/wp-json\/wp\/v2\/types\/product"}],"wp:featuredmedia":[{"embeddable":true,"href":"https:\/\/modelkars.com\/en\/wp-json\/wp\/v2\/media\/65819"}],"wp:attachment":[{"href":"https:\/\/modelkars.com\/en\/wp-json\/wp\/v2\/media?parent=65825"}],"wp:term":[{"taxonomy":"product_brand","embeddable":true,"href":"https:\/\/modelkars.com\/en\/wp-json\/wp\/v2\/product_brand?post=65825"},{"taxonomy":"product_cat","embeddable":true,"href":"https:\/\/modelkars.com\/en\/wp-json\/wp\/v2\/product_cat?post=65825"},{"taxonomy":"product_tag","embeddable":true,"href":"https:\/\/modelkars.com\/en\/wp-json\/wp\/v2\/product_tag?post=65825"}],"curies":[{"name":"wp","href":"https:\/\/api.w.org\/{rel}","templated":true}]}}